{"id":52,"date":"2021-04-16T17:03:56","date_gmt":"2021-04-16T17:03:56","guid":{"rendered":"http:\/\/web.renelagos.com\/?page_id=52"},"modified":"2024-06-27T22:27:41","modified_gmt":"2024-06-27T22:27:41","slug":"retail","status":"publish","type":"page","link":"https:\/\/renelagos.com\/en\/retail\/","title":{"rendered":"Retail"},"content":{"rendered":"<div data-elementor-type=\"wp-page\" data-elementor-id=\"52\" class=\"elementor elementor-52\" data-elementor-settings=\"[]\">\n\t\t\t\t\t\t\t<div class=\"elementor-section-wrap\">\n\t\t\t\t\t\t\t<section class=\"elementor-section elementor-top-section elementor-element elementor-element-6abfcd5a elementor-section-boxed elementor-section-height-default elementor-section-height-default\" data-id=\"6abfcd5a\" data-element_type=\"section\">\n\t\t\t\t\t\t<div class=\"elementor-container elementor-column-gap-default\">\n\t\t\t\t\t<div class=\"elementor-column elementor-col-100 elementor-top-column elementor-element elementor-element-78ea01b7\" data-id=\"78ea01b7\" data-element_type=\"column\">\n\t\t\t<div class=\"elementor-widget-wrap elementor-element-populated\">\n\t\t\t\t\t\t\t\t<div class=\"elementor-element elementor-element-2a90a557 elementor-widget elementor-widget-button\" data-id=\"2a90a557\" data-element_type=\"widget\" data-widget_type=\"button.default\">\n\t\t\t\t<div class=\"elementor-widget-container\">\n\t\t\t\t\t<div class=\"elementor-button-wrapper\">\n\t\t\t<a href=\"https:\/\/renelagos.com\/wp-content\/uploads\/2021\/05\/Brochure_RLE_Comprimido.pdf\" class=\"elementor-button-link elementor-button elementor-size-sm\" role=\"button\">\n\t\t\t\t\t\t<span class=\"elementor-button-content-wrapper\">\n\t\t\t\t\t\t<span class=\"elementor-button-icon elementor-align-icon-left\">\n\t\t\t\t<i aria-hidden=\"true\" class=\"fas fa-file-pdf\"><\/i>\t\t\t<\/span>\n\t\t\t\t\t\t<span class=\"elementor-button-text\">Brochure<\/span>\n\t\t<\/span>\n\t\t\t\t\t<\/a>\n\t\t<\/div>\n\t\t\t\t<\/div>\n\t\t\t\t<\/div>\n\t\t\t\t\t<\/div>\n\t\t<\/div>\n\t\t\t\t\t\t\t<\/div>\n\t\t<\/section>\n\t\t\t\t<section class=\"elementor-section elementor-top-section elementor-element elementor-element-6131c2c6 elementor-section-boxed elementor-section-height-default elementor-section-height-default\" data-id=\"6131c2c6\" data-element_type=\"section\">\n\t\t\t\t\t\t<div class=\"elementor-container elementor-column-gap-default\">\n\t\t\t\t\t<div class=\"elementor-column elementor-col-100 elementor-top-column elementor-element elementor-element-cd01bfc\" data-id=\"cd01bfc\" data-element_type=\"column\">\n\t\t\t<div class=\"elementor-widget-wrap elementor-element-populated\">\n\t\t\t\t\t\t\t\t<div class=\"elementor-element elementor-element-32a39687 elementor-nav-menu--dropdown-tablet elementor-nav-menu__text-align-aside elementor-nav-menu--toggle elementor-nav-menu--burger elementor-widget elementor-widget-nav-menu\" data-id=\"32a39687\" data-element_type=\"widget\" data-settings=\"{&quot;layout&quot;:&quot;horizontal&quot;,&quot;submenu_icon&quot;:{&quot;value&quot;:&quot;&lt;i class=\\&quot;fas fa-caret-down\\&quot;&gt;&lt;\\\/i&gt;&quot;,&quot;library&quot;:&quot;fa-solid&quot;},&quot;toggle&quot;:&quot;burger&quot;}\" data-widget_type=\"nav-menu.default\">\n\t\t\t\t<div class=\"elementor-widget-container\">\n\t\t\t\t\t\t<nav migration_allowed=\"1\" migrated=\"0\" role=\"navigation\" class=\"elementor-nav-menu--main elementor-nav-menu__container elementor-nav-menu--layout-horizontal e--pointer-underline e--animation-fade\"><ul id=\"menu-1-32a39687\" class=\"elementor-nav-menu\"><li class=\"menu-item menu-item-type-custom menu-item-object-custom menu-item-361\"><a href=\"https:\/\/renelagos.com\/en\/oficinas\/\" class=\"elementor-item\">Offices<\/a><\/li>\n<li class=\"menu-item menu-item-type-custom menu-item-object-custom menu-item-362\"><a href=\"https:\/\/renelagos.com\/en\/residenciales\/\" class=\"elementor-item\">Residential<\/a><\/li>\n<li class=\"menu-item menu-item-type-custom menu-item-object-custom menu-item-363\"><a href=\"https:\/\/renelagos.com\/en\/hoteles\/\" class=\"elementor-item\">Hotels<\/a><\/li>\n<li class=\"menu-item menu-item-type-custom menu-item-object-custom menu-item-364\"><a href=\"https:\/\/renelagos.com\/en\/retail\/\" class=\"elementor-item\">Retail<\/a><\/li>\n<li class=\"menu-item menu-item-type-custom menu-item-object-custom menu-item-365\"><a href=\"https:\/\/renelagos.com\/en\/hospitalarios\/\" class=\"elementor-item\">Hospitals<\/a><\/li>\n<li class=\"menu-item menu-item-type-custom menu-item-object-custom menu-item-366\"><a href=\"https:\/\/renelagos.com\/en\/gubernamentales\/\" class=\"elementor-item\">Gubernamentales<\/a><\/li>\n<li class=\"menu-item menu-item-type-custom menu-item-object-custom menu-item-367\"><a href=\"https:\/\/renelagos.com\/en\/educacionales\/\" class=\"elementor-item\">Educational<\/a><\/li>\n<li class=\"menu-item menu-item-type-custom menu-item-object-custom menu-item-368\"><a href=\"https:\/\/renelagos.com\/en\/casas\/\" class=\"elementor-item\">Houses<\/a><\/li>\n<li class=\"menu-item menu-item-type-custom menu-item-object-custom menu-item-369\"><a href=\"https:\/\/renelagos.com\/en\/estructuras-especiales\/\" class=\"elementor-item\">Special Structures<\/a><\/li>\n<li class=\"menu-item menu-item-type-post_type menu-item-object-page menu-item-2495\"><a href=\"https:\/\/renelagos.com\/en\/industriales\/\" class=\"elementor-item\">Industrialists<\/a><\/li>\n<\/ul><\/nav>\n\t\t\t\t\t<div class=\"elementor-menu-toggle\" role=\"button\" tabindex=\"0\" aria-label=\"Menu Toggle\" aria-expanded=\"false\">\n\t\t\t<i aria-hidden=\"true\" role=\"presentation\" class=\"eicon-menu-bar\"><\/i>\t\t\t<span class=\"elementor-screen-only\">Menu<\/span>\n\t\t<\/div>\n\t\t\t<nav class=\"elementor-nav-menu--dropdown elementor-nav-menu__container\" role=\"navigation\" aria-hidden=\"true\"><ul id=\"menu-2-32a39687\" class=\"elementor-nav-menu\"><li class=\"menu-item menu-item-type-custom menu-item-object-custom menu-item-361\"><a href=\"https:\/\/renelagos.com\/en\/oficinas\/\" class=\"elementor-item\" tabindex=\"-1\">Offices<\/a><\/li>\n<li class=\"menu-item menu-item-type-custom menu-item-object-custom menu-item-362\"><a href=\"https:\/\/renelagos.com\/en\/residenciales\/\" class=\"elementor-item\" tabindex=\"-1\">Residential<\/a><\/li>\n<li class=\"menu-item menu-item-type-custom menu-item-object-custom menu-item-363\"><a href=\"https:\/\/renelagos.com\/en\/hoteles\/\" class=\"elementor-item\" tabindex=\"-1\">Hotels<\/a><\/li>\n<li class=\"menu-item menu-item-type-custom menu-item-object-custom menu-item-364\"><a href=\"https:\/\/renelagos.com\/en\/retail\/\" class=\"elementor-item\" tabindex=\"-1\">Retail<\/a><\/li>\n<li class=\"menu-item menu-item-type-custom menu-item-object-custom menu-item-365\"><a href=\"https:\/\/renelagos.com\/en\/hospitalarios\/\" class=\"elementor-item\" tabindex=\"-1\">Hospitals<\/a><\/li>\n<li class=\"menu-item menu-item-type-custom menu-item-object-custom menu-item-366\"><a href=\"https:\/\/renelagos.com\/en\/gubernamentales\/\" class=\"elementor-item\" tabindex=\"-1\">Gubernamentales<\/a><\/li>\n<li class=\"menu-item menu-item-type-custom menu-item-object-custom menu-item-367\"><a href=\"https:\/\/renelagos.com\/en\/educacionales\/\" class=\"elementor-item\" tabindex=\"-1\">Educational<\/a><\/li>\n<li class=\"menu-item menu-item-type-custom menu-item-object-custom menu-item-368\"><a href=\"https:\/\/renelagos.com\/en\/casas\/\" class=\"elementor-item\" tabindex=\"-1\">Houses<\/a><\/li>\n<li class=\"menu-item menu-item-type-custom menu-item-object-custom menu-item-369\"><a href=\"https:\/\/renelagos.com\/en\/estructuras-especiales\/\" class=\"elementor-item\" tabindex=\"-1\">Special Structures<\/a><\/li>\n<li class=\"menu-item menu-item-type-post_type menu-item-object-page menu-item-2495\"><a href=\"https:\/\/renelagos.com\/en\/industriales\/\" class=\"elementor-item\" tabindex=\"-1\">Industrialists<\/a><\/li>\n<\/ul><\/nav>\n\t\t\t\t<\/div>\n\t\t\t\t<\/div>\n\t\t\t\t\t<\/div>\n\t\t<\/div>\n\t\t\t\t\t\t\t<\/div>\n\t\t<\/section>\n\t\t\t\t<section class=\"elementor-section elementor-top-section elementor-element elementor-element-95944cd elementor-section-boxed elementor-section-height-default elementor-section-height-default\" data-id=\"95944cd\" data-element_type=\"section\">\n\t\t\t\t\t\t<div class=\"elementor-container elementor-column-gap-default\">\n\t\t\t\t\t<div class=\"elementor-column elementor-col-100 elementor-top-column elementor-element elementor-element-17d82118\" data-id=\"17d82118\" data-element_type=\"column\">\n\t\t\t<div class=\"elementor-widget-wrap elementor-element-populated\">\n\t\t\t\t\t\t\t\t<div class=\"elementor-element elementor-element-b53299c elementor-widget elementor-widget-gallery\" data-id=\"b53299c\" data-element_type=\"widget\" data-settings=\"{&quot;columns&quot;:3,&quot;overlay_title&quot;:&quot;title&quot;,&quot;overlay_description&quot;:&quot;caption&quot;,&quot;lazyload&quot;:&quot;yes&quot;,&quot;gallery_layout&quot;:&quot;grid&quot;,&quot;columns_tablet&quot;:2,&quot;columns_mobile&quot;:1,&quot;gap&quot;:{&quot;unit&quot;:&quot;px&quot;,&quot;size&quot;:10,&quot;sizes&quot;:[]},&quot;gap_tablet&quot;:{&quot;unit&quot;:&quot;px&quot;,&quot;size&quot;:10,&quot;sizes&quot;:[]},&quot;gap_mobile&quot;:{&quot;unit&quot;:&quot;px&quot;,&quot;size&quot;:10,&quot;sizes&quot;:[]},&quot;link_to&quot;:&quot;file&quot;,&quot;aspect_ratio&quot;:&quot;3:2&quot;,&quot;overlay_background&quot;:&quot;yes&quot;,&quot;content_hover_animation&quot;:&quot;fade-in&quot;}\" data-widget_type=\"gallery.default\">\n\t\t\t\t<div class=\"elementor-widget-container\">\n\t\t\t\t\t<div class=\"elementor-gallery__container\">\n\t\t\t\t\t\t\t<a class=\"e-gallery-item elementor-gallery-item elementor-animated-content\" href=\"https:\/\/renelagos.com\/wp-content\/uploads\/2021\/04\/Mall_Costanera-2.jpg\" data-elementor-open-lightbox=\"yes\" data-elementor-lightbox-slideshow=\"all-b53299c\" data-elementor-lightbox-title=\"Mall Costanera Center\">\n\t\t\t\t\t<div class=\"e-gallery-image elementor-gallery-item__image\" data-thumbnail=\"https:\/\/renelagos.com\/wp-content\/uploads\/2021\/04\/Mall_Costanera-2-300x206.jpg\" data-width=\"300\" data-height=\"206\" alt=\"\" ><\/div>\n\t\t\t\t\t\t\t\t\t\t<div class=\"elementor-gallery-item__overlay\"><\/div>\n\t\t\t\t\t\t\t\t\t\t\t\t\t\t\t<div class=\"elementor-gallery-item__content\">\n\t\t\t\t\t\t\t\t\t\t\t\t\t<div class=\"elementor-gallery-item__title\">Mall Costanera Center<\/div>\n\t\t\t\t\t\t\t\t\t\t\t\t\t\t<div class=\"elementor-gallery-item__description\">200.000 m2, Santiago, Chile<\/div>\n\t\t\t\t\t\t\t\t\t\t\t\t<\/div>\n\t\t\t\t\t\t\t\t\t<\/a>\n\t\t\t\t\t\t\t<a class=\"e-gallery-item elementor-gallery-item elementor-animated-content\" href=\"https:\/\/renelagos.com\/wp-content\/uploads\/2021\/04\/Mall-Vivo-Coquimbo.jpg\" data-elementor-open-lightbox=\"yes\" data-elementor-lightbox-slideshow=\"all-b53299c\" data-elementor-lightbox-title=\"Mall Vivo Coquimbo\">\n\t\t\t\t\t<div class=\"e-gallery-image elementor-gallery-item__image\" data-thumbnail=\"https:\/\/renelagos.com\/wp-content\/uploads\/2021\/04\/Mall-Vivo-Coquimbo-300x236.jpg\" data-width=\"300\" data-height=\"236\" alt=\"\" ><\/div>\n\t\t\t\t\t\t\t\t\t\t<div class=\"elementor-gallery-item__overlay\"><\/div>\n\t\t\t\t\t\t\t\t\t\t\t\t\t\t\t<div class=\"elementor-gallery-item__content\">\n\t\t\t\t\t\t\t\t\t\t\t\t\t<div class=\"elementor-gallery-item__title\">Mall Vivo Coquimbo<\/div>\n\t\t\t\t\t\t\t\t\t\t\t\t\t\t<div class=\"elementor-gallery-item__description\">85.200 m2, Coquimbo, Chile<\/div>\n\t\t\t\t\t\t\t\t\t\t\t\t<\/div>\n\t\t\t\t\t\t\t\t\t<\/a>\n\t\t\t\t\t\t\t<a class=\"e-gallery-item elementor-gallery-item elementor-animated-content\" href=\"https:\/\/renelagos.com\/wp-content\/uploads\/2021\/04\/Mall-Plaza-Alameda.jpg\" data-elementor-open-lightbox=\"yes\" data-elementor-lightbox-slideshow=\"all-b53299c\" data-elementor-lightbox-title=\"Mall Plaza Alameda\">\n\t\t\t\t\t<div class=\"e-gallery-image elementor-gallery-item__image\" data-thumbnail=\"https:\/\/renelagos.com\/wp-content\/uploads\/2021\/04\/Mall-Plaza-Alameda-300x219.jpg\" data-width=\"300\" data-height=\"219\" alt=\"\" ><\/div>\n\t\t\t\t\t\t\t\t\t\t<div class=\"elementor-gallery-item__overlay\"><\/div>\n\t\t\t\t\t\t\t\t\t\t\t\t\t\t\t<div class=\"elementor-gallery-item__content\">\n\t\t\t\t\t\t\t\t\t\t\t\t\t<div class=\"elementor-gallery-item__title\">Mall Plaza Alameda<\/div>\n\t\t\t\t\t\t\t\t\t\t\t\t\t\t<div class=\"elementor-gallery-item__description\">140.000 m2, Santiago, Chile<\/div>\n\t\t\t\t\t\t\t\t\t\t\t\t<\/div>\n\t\t\t\t\t\t\t\t\t<\/a>\n\t\t\t\t\t\t\t<a class=\"e-gallery-item elementor-gallery-item elementor-animated-content\" href=\"https:\/\/renelagos.com\/wp-content\/uploads\/2021\/04\/0158.jpg\" data-elementor-open-lightbox=\"yes\" data-elementor-lightbox-slideshow=\"all-b53299c\" data-elementor-lightbox-title=\"Mall Paseo del Pacifico\">\n\t\t\t\t\t<div class=\"e-gallery-image elementor-gallery-item__image\" data-thumbnail=\"https:\/\/renelagos.com\/wp-content\/uploads\/2021\/04\/0158-300x206.jpg\" data-width=\"300\" data-height=\"206\" alt=\"\" ><\/div>\n\t\t\t\t\t\t\t\t\t\t<div class=\"elementor-gallery-item__overlay\"><\/div>\n\t\t\t\t\t\t\t\t\t\t\t\t\t\t\t<div class=\"elementor-gallery-item__content\">\n\t\t\t\t\t\t\t\t\t\t\t\t\t<div class=\"elementor-gallery-item__title\">Mall Paseo del Pacifico<\/div>\n\t\t\t\t\t\t\t\t\t\t\t\t\t\t<div class=\"elementor-gallery-item__description\">90.000 m2, San Antonio, Chile<\/div>\n\t\t\t\t\t\t\t\t\t\t\t\t<\/div>\n\t\t\t\t\t\t\t\t\t<\/a>\n\t\t\t\t\t\t\t<a class=\"e-gallery-item elementor-gallery-item elementor-animated-content\" href=\"https:\/\/renelagos.com\/wp-content\/uploads\/2021\/04\/0157.jpg\" data-elementor-open-lightbox=\"yes\" data-elementor-lightbox-slideshow=\"all-b53299c\" data-elementor-lightbox-title=\"Mall \u00d1u\u00f1oa\">\n\t\t\t\t\t<div class=\"e-gallery-image elementor-gallery-item__image\" data-thumbnail=\"https:\/\/renelagos.com\/wp-content\/uploads\/2021\/04\/0157-300x206.jpg\" data-width=\"300\" data-height=\"206\" alt=\"\" ><\/div>\n\t\t\t\t\t\t\t\t\t\t<div class=\"elementor-gallery-item__overlay\"><\/div>\n\t\t\t\t\t\t\t\t\t\t\t\t\t\t\t<div class=\"elementor-gallery-item__content\">\n\t\t\t\t\t\t\t\t\t\t\t\t\t<div class=\"elementor-gallery-item__title\">Mall \u00d1u\u00f1oa<\/div>\n\t\t\t\t\t\t\t\t\t\t\t\t\t\t<div class=\"elementor-gallery-item__description\">85.000 m2, Santiago, Chile<\/div>\n\t\t\t\t\t\t\t\t\t\t\t\t<\/div>\n\t\t\t\t\t\t\t\t\t<\/a>\n\t\t\t\t\t\t\t<a class=\"e-gallery-item elementor-gallery-item elementor-animated-content\" href=\"https:\/\/renelagos.com\/wp-content\/uploads\/2021\/04\/0156.jpg\" data-elementor-open-lightbox=\"yes\" data-elementor-lightbox-slideshow=\"all-b53299c\" data-elementor-lightbox-title=\"Mall La Dehesa\">\n\t\t\t\t\t<div class=\"e-gallery-image elementor-gallery-item__image\" data-thumbnail=\"https:\/\/renelagos.com\/wp-content\/uploads\/2021\/04\/0156-300x206.jpg\" data-width=\"300\" data-height=\"206\" alt=\"\" ><\/div>\n\t\t\t\t\t\t\t\t\t\t<div class=\"elementor-gallery-item__overlay\"><\/div>\n\t\t\t\t\t\t\t\t\t\t\t\t\t\t\t<div class=\"elementor-gallery-item__content\">\n\t\t\t\t\t\t\t\t\t\t\t\t\t<div class=\"elementor-gallery-item__title\">Mall La Dehesa<\/div>\n\t\t\t\t\t\t\t\t\t\t\t\t\t\t<div class=\"elementor-gallery-item__description\">110.000 m2, Santiago, Chile<\/div>\n\t\t\t\t\t\t\t\t\t\t\t\t<\/div>\n\t\t\t\t\t\t\t\t\t<\/a>\n\t\t\t\t\t<\/div>\n\t\t\t<\/div>\n\t\t\t\t<\/div>\n\t\t\t\t\t<\/div>\n\t\t<\/div>\n\t\t\t\t\t\t\t<\/div>\n\t\t<\/section>\n\t\t\t\t<section class=\"elementor-section elementor-top-section elementor-element elementor-element-3ef32e64 elementor-section-stretched elementor-section-boxed elementor-section-height-default elementor-section-height-default\" data-id=\"3ef32e64\" data-element_type=\"section\" data-settings=\"{&quot;background_background&quot;:&quot;classic&quot;,&quot;stretch_section&quot;:&quot;section-stretched&quot;}\">\n\t\t\t\t\t\t<div class=\"elementor-container elementor-column-gap-default\">\n\t\t\t\t\t<div class=\"elementor-column elementor-col-25 elementor-top-column elementor-element elementor-element-2f444c7c\" data-id=\"2f444c7c\" data-element_type=\"column\">\n\t\t\t<div class=\"elementor-widget-wrap elementor-element-populated\">\n\t\t\t\t\t\t\t\t<div class=\"elementor-element elementor-element-4edb2537 elementor-widget elementor-widget-theme-site-logo elementor-widget-image\" data-id=\"4edb2537\" data-element_type=\"widget\" data-widget_type=\"theme-site-logo.default\">\n\t\t\t\t<div class=\"elementor-widget-container\">\n\t\t\t\t\t\t\t\t\t\t\t\t\t\t\t\t<a href=\"https:\/\/renelagos.com\/en\">\n\t\t\t\t\t\t\t<img width=\"150\" height=\"121\" src=\"https:\/\/renelagos.com\/wp-content\/uploads\/2021\/04\/logo_rene_lagos.png\" class=\"attachment-full size-full\" alt=\"\" loading=\"lazy\" \/>\t\t\t\t\t\t\t\t<\/a>\n\t\t\t\t\t\t\t\t\t\t\t\t\t\t\t<\/div>\n\t\t\t\t<\/div>\n\t\t\t\t\t<\/div>\n\t\t<\/div>\n\t\t\t\t<div class=\"elementor-column elementor-col-25 elementor-top-column elementor-element elementor-element-46199133\" data-id=\"46199133\" data-element_type=\"column\">\n\t\t\t<div class=\"elementor-widget-wrap elementor-element-populated\">\n\t\t\t\t\t\t\t\t<div class=\"elementor-element elementor-element-5df54873 elementor-widget elementor-widget-heading\" data-id=\"5df54873\" data-element_type=\"widget\" data-widget_type=\"heading.default\">\n\t\t\t\t<div class=\"elementor-widget-container\">\n\t\t\t<h2 class=\"elementor-heading-title elementor-size-default\">Contact us<\/h2>\t\t<\/div>\n\t\t\t\t<\/div>\n\t\t\t\t<div class=\"elementor-element elementor-element-1ea775c7 elementor-icon-list--layout-traditional elementor-list-item-link-full_width elementor-widget elementor-widget-icon-list\" data-id=\"1ea775c7\" data-element_type=\"widget\" data-widget_type=\"icon-list.default\">\n\t\t\t\t<div class=\"elementor-widget-container\">\n\t\t\t\t\t<ul class=\"elementor-icon-list-items\">\n\t\t\t\t\t\t\t<li class=\"elementor-icon-list-item\">\n\t\t\t\t\t\t\t\t\t\t\t<span class=\"elementor-icon-list-icon\">\n\t\t\t\t\t\t\t<i aria-hidden=\"true\" class=\"far fa-envelope\"><\/i>\t\t\t\t\t\t<\/span>\n\t\t\t\t\t\t\t\t\t\t<span class=\"elementor-icon-list-text\">Info@renelagos.com<\/span>\n\t\t\t\t\t\t\t\t\t<\/li>\n\t\t\t\t\t\t\t\t<li class=\"elementor-icon-list-item\">\n\t\t\t\t\t\t\t\t\t\t\t<span class=\"elementor-icon-list-icon\">\n\t\t\t\t\t\t\t<i aria-hidden=\"true\" class=\"far fa-envelope\"><\/i>\t\t\t\t\t\t<\/span>\n\t\t\t\t\t\t\t\t\t\t<span class=\"elementor-icon-list-text\">peru@renelagos.com<\/span>\n\t\t\t\t\t\t\t\t\t<\/li>\n\t\t\t\t\t\t\t\t<li class=\"elementor-icon-list-item\">\n\t\t\t\t\t\t\t\t\t\t\t<span class=\"elementor-icon-list-icon\">\n\t\t\t\t\t\t\t<i aria-hidden=\"true\" class=\"far fa-envelope\"><\/i>\t\t\t\t\t\t<\/span>\n\t\t\t\t\t\t\t\t\t\t<span class=\"elementor-icon-list-text\">eeuu@renelagos.com<\/span>\n\t\t\t\t\t\t\t\t\t<\/li>\n\t\t\t\t\t\t<\/ul>\n\t\t\t\t<\/div>\n\t\t\t\t<\/div>\n\t\t\t\t\t<\/div>\n\t\t<\/div>\n\t\t\t\t<div class=\"elementor-column elementor-col-25 elementor-top-column elementor-element elementor-element-5e8f098e\" data-id=\"5e8f098e\" data-element_type=\"column\">\n\t\t\t<div class=\"elementor-widget-wrap elementor-element-populated\">\n\t\t\t\t\t\t\t\t<div class=\"elementor-element elementor-element-2b87d087 elementor-widget elementor-widget-heading\" data-id=\"2b87d087\" data-element_type=\"widget\" data-widget_type=\"heading.default\">\n\t\t\t\t<div class=\"elementor-widget-container\">\n\t\t\t<h2 class=\"elementor-heading-title elementor-size-default\">Follow Our Social Media<\/h2>\t\t<\/div>\n\t\t\t\t<\/div>\n\t\t\t\t<div class=\"elementor-element elementor-element-5f5e5a7b elementor-shape-square e-grid-align-left elementor-grid-0 elementor-widget elementor-widget-social-icons\" data-id=\"5f5e5a7b\" data-element_type=\"widget\" data-widget_type=\"social-icons.default\">\n\t\t\t\t<div class=\"elementor-widget-container\">\n\t\t\t\t\t<div class=\"elementor-social-icons-wrapper elementor-grid\">\n\t\t\t\t\t\t\t<span class=\"elementor-grid-item\">\n\t\t\t\t\t<a class=\"elementor-icon elementor-social-icon elementor-social-icon-facebook elementor-repeater-item-9aa6171\" href=\"https:\/\/www.facebook.com\/rene.lagos.engineers\" target=\"_blank\">\n\t\t\t\t\t\t<span class=\"elementor-screen-only\">Facebook<\/span>\n\t\t\t\t\t\t<i class=\"fab fa-facebook\"><\/i>\t\t\t\t\t<\/a>\n\t\t\t\t<\/span>\n\t\t\t\t\t\t\t<span class=\"elementor-grid-item\">\n\t\t\t\t\t<a class=\"elementor-icon elementor-social-icon elementor-social-icon-youtube elementor-repeater-item-ce4d100\" href=\"https:\/\/www.youtube.com\/channel\/UCEcFqwhYHMLkRROywdrNcIQ\" target=\"_blank\">\n\t\t\t\t\t\t<span class=\"elementor-screen-only\">Youtube<\/span>\n\t\t\t\t\t\t<i class=\"fab fa-youtube\"><\/i>\t\t\t\t\t<\/a>\n\t\t\t\t<\/span>\n\t\t\t\t\t\t\t<span class=\"elementor-grid-item\">\n\t\t\t\t\t<a class=\"elementor-icon elementor-social-icon elementor-social-icon-instagram elementor-repeater-item-e324457\" href=\"https:\/\/www.instagram.com\/renelagos_engineers\/\" target=\"_blank\">\n\t\t\t\t\t\t<span class=\"elementor-screen-only\">Instagram<\/span>\n\t\t\t\t\t\t<i class=\"fab fa-instagram\"><\/i>\t\t\t\t\t<\/a>\n\t\t\t\t<\/span>\n\t\t\t\t\t\t\t<span class=\"elementor-grid-item\">\n\t\t\t\t\t<a class=\"elementor-icon elementor-social-icon elementor-social-icon-linkedin elementor-repeater-item-1bd69a1\" href=\"https:\/\/www.linkedin.com\/company\/rene-lagos-engineers\/mycompany\/?viewAsMember=true\" target=\"_blank\">\n\t\t\t\t\t\t<span class=\"elementor-screen-only\">Linkedin<\/span>\n\t\t\t\t\t\t<i class=\"fab fa-linkedin\"><\/i>\t\t\t\t\t<\/a>\n\t\t\t\t<\/span>\n\t\t\t\t\t<\/div>\n\t\t\t\t<\/div>\n\t\t\t\t<\/div>\n\t\t\t\t\t<\/div>\n\t\t<\/div>\n\t\t\t\t<div class=\"elementor-column elementor-col-25 elementor-top-column elementor-element elementor-element-2aae6f00\" data-id=\"2aae6f00\" data-element_type=\"column\">\n\t\t\t<div class=\"elementor-widget-wrap elementor-element-populated\">\n\t\t\t\t\t\t\t\t<div class=\"elementor-element elementor-element-7a4bc4b8 elementor-widget elementor-widget-image\" data-id=\"7a4bc4b8\" data-element_type=\"widget\" data-widget_type=\"image.default\">\n\t\t\t\t<div class=\"elementor-widget-container\">\n\t\t\t\t\t\t\t\t\t\t\t\t\t\t\t<img width=\"727\" height=\"817\" src=\"https:\/\/renelagos.com\/wp-content\/uploads\/2021\/05\/iso-9001-2015w.png\" class=\"attachment-full size-full\" alt=\"\" loading=\"lazy\" srcset=\"https:\/\/renelagos.com\/wp-content\/uploads\/2021\/05\/iso-9001-2015w.png 727w, https:\/\/renelagos.com\/wp-content\/uploads\/2021\/05\/iso-9001-2015w-267x300.png 267w\" sizes=\"(max-width: 727px) 100vw, 727px\" \/>\t\t\t\t\t\t\t\t\t\t\t\t\t\t\t<\/div>\n\t\t\t\t<\/div>\n\t\t\t\t\t<\/div>\n\t\t<\/div>\n\t\t\t\t\t\t\t<\/div>\n\t\t<\/section>\n\t\t\t\t\t\t<\/div>\n\t\t\t\t\t<\/div>","protected":false},"excerpt":{"rendered":"<p>Brochure Mall Costanera Center 200.000 m2, Santiago, Chile Mall Vivo Coquimbo 85.200 m2, Coquimbo, Chile Mall Plaza Alameda 140.000 m2, Santiago, Chile Mall Paseo del Pacifico 90.000 m2, San Antonio, Chile Mall \u00d1u\u00f1oa 85.000 m2, Santiago, Chile Mall La Dehesa 110.000 m2, Santiago, Chile Cont\u00e1ctanos Info@renelagos.com peru@renelagos.com eeuu@renelagos.com Sigue Nuestras Redes Sociales Facebook Youtube Instagram [&hellip;]<\/p>","protected":false},"author":1,"featured_media":0,"parent":0,"menu_order":0,"comment_status":"closed","ping_status":"closed","template":"","meta":[],"_links":{"self":[{"href":"https:\/\/renelagos.com\/en\/wp-json\/wp\/v2\/pages\/52"}],"collection":[{"href":"https:\/\/renelagos.com\/en\/wp-json\/wp\/v2\/pages"}],"about":[{"href":"https:\/\/renelagos.com\/en\/wp-json\/wp\/v2\/types\/page"}],"author":[{"embeddable":true,"href":"https:\/\/renelagos.com\/en\/wp-json\/wp\/v2\/users\/1"}],"replies":[{"embeddable":true,"href":"https:\/\/renelagos.com\/en\/wp-json\/wp\/v2\/comments?post=52"}],"version-history":[{"count":47,"href":"https:\/\/renelagos.com\/en\/wp-json\/wp\/v2\/pages\/52\/revisions"}],"predecessor-version":[{"id":2430,"href":"https:\/\/renelagos.com\/en\/wp-json\/wp\/v2\/pages\/52\/revisions\/2430"}],"wp:attachment":[{"href":"https:\/\/renelagos.com\/en\/wp-json\/wp\/v2\/media?parent=52"}],"curies":[{"name":"wp","href":"https:\/\/api.w.org\/{rel}","templated":true}]}}