{"id":1960,"date":"2023-06-28T14:57:55","date_gmt":"2023-06-28T14:57:55","guid":{"rendered":"https:\/\/renelagos.com\/?page_id=1960"},"modified":"2024-06-27T22:13:58","modified_gmt":"2024-06-27T22:13:58","slug":"bim%e2%80%8b","status":"publish","type":"page","link":"https:\/\/renelagos.com\/en\/servicios\/bim%e2%80%8b\/","title":{"rendered":"BIM Consulting"},"content":{"rendered":"<div data-elementor-type=\"wp-page\" data-elementor-id=\"1960\" class=\"elementor elementor-1960\" data-elementor-settings=\"[]\">\n\t\t\t\t\t\t\t<div class=\"elementor-section-wrap\">\n\t\t\t\t\t\t\t<section class=\"elementor-section elementor-top-section elementor-element elementor-element-57d9c87 elementor-section-full_width elementor-section-height-default elementor-section-height-default\" data-id=\"57d9c87\" data-element_type=\"section\" data-settings=\"{&quot;background_background&quot;:&quot;classic&quot;}\">\n\t\t\t\t\t\t<div class=\"elementor-container elementor-column-gap-default\">\n\t\t\t\t\t<div class=\"elementor-column elementor-col-50 elementor-top-column elementor-element elementor-element-3d9742c\" data-id=\"3d9742c\" data-element_type=\"column\">\n\t\t\t<div class=\"elementor-widget-wrap elementor-element-populated\">\n\t\t\t\t\t\t\t\t<div class=\"elementor-element elementor-element-e123eb1 elementor-widget elementor-widget-text-editor\" data-id=\"e123eb1\" data-element_type=\"widget\" data-widget_type=\"text-editor.default\">\n\t\t\t\t<div class=\"elementor-widget-container\">\n\t\t\t\t\t\t\t<p><span style=\"font-weight:700\">BIM Consulting<\/span><\/p>\t\t\t\t\t\t<\/div>\n\t\t\t\t<\/div>\n\t\t\t\t<div class=\"elementor-element elementor-element-77d3f7a elementor-widget-divider--view-line elementor-widget elementor-widget-divider\" data-id=\"77d3f7a\" data-element_type=\"widget\" data-widget_type=\"divider.default\">\n\t\t\t\t<div class=\"elementor-widget-container\">\n\t\t\t\t\t<div class=\"elementor-divider\">\n\t\t\t<span class=\"elementor-divider-separator\">\n\t\t\t\t\t\t<\/span>\n\t\t<\/div>\n\t\t\t\t<\/div>\n\t\t\t\t<\/div>\n\t\t\t\t<div class=\"elementor-element elementor-element-6644902 elementor-widget elementor-widget-image\" data-id=\"6644902\" data-element_type=\"widget\" data-widget_type=\"image.default\">\n\t\t\t\t<div class=\"elementor-widget-container\">\n\t\t\t\t\t\t\t\t\t\t\t\t\t\t\t<img width=\"517\" height=\"312\" src=\"https:\/\/renelagos.com\/wp-content\/uploads\/2023\/12\/img51.jpg\" class=\"attachment-full size-full\" alt=\"\" loading=\"lazy\" srcset=\"https:\/\/renelagos.com\/wp-content\/uploads\/2023\/12\/img51.jpg 517w, https:\/\/renelagos.com\/wp-content\/uploads\/2023\/12\/img51-300x181.jpg 300w\" sizes=\"(max-width: 517px) 100vw, 517px\" \/>\t\t\t\t\t\t\t\t\t\t\t\t\t\t\t<\/div>\n\t\t\t\t<\/div>\n\t\t\t\t\t<\/div>\n\t\t<\/div>\n\t\t\t\t<div class=\"elementor-column elementor-col-50 elementor-top-column elementor-element elementor-element-81bf920\" data-id=\"81bf920\" data-element_type=\"column\">\n\t\t\t<div class=\"elementor-widget-wrap elementor-element-populated\">\n\t\t\t\t\t\t\t\t<div class=\"elementor-element elementor-element-a5136c8 elementor-widget elementor-widget-text-editor\" data-id=\"a5136c8\" data-element_type=\"widget\" data-widget_type=\"text-editor.default\">\n\t\t\t\t<div class=\"elementor-widget-container\">\n\t\t\t\t\t\t\t<p>At Rene Lagos Engineers, our BIM consulting is a testament to our dedication to taking construction and design to the next level. Our team of multidisciplinary professionals is committed to providing customized BIM services that fit each client's needs. With years of experience in project development and construction processes, we are experts in integrating digital information and site data into an efficient workflow. <\/p>\n<p>Desde el gerenciamiento BIM hasta el seguimiento en obra (4D &amp; 5D), la visualizaci\u00f3n digital de planos en BIM 360 y la obtenci\u00f3n de cuant\u00edas precisas, nuestro enfoque abarca cada aspecto del ciclo de vida del proyecto. Adem\u00e1s, estamos preparados para abordar y resolver interferencias de manera efectiva.<\/p>\n<p>At Rene Lagos Engineers, we transform digital information into a powerful tool for informed decision making and successful project execution, ensuring that every detail is handled accurately and efficiently at every stage of the process.<\/p>\t\t\t\t\t\t<\/div>\n\t\t\t\t<\/div>\n\t\t\t\t\t<\/div>\n\t\t<\/div>\n\t\t\t\t\t\t\t<\/div>\n\t\t<\/section>\n\t\t\t\t<section class=\"elementor-section elementor-top-section elementor-element elementor-element-8f953ae elementor-section-boxed elementor-section-height-default elementor-section-height-default\" data-id=\"8f953ae\" data-element_type=\"section\">\n\t\t\t\t\t\t<div class=\"elementor-container elementor-column-gap-default\">\n\t\t\t\t\t<div class=\"elementor-column elementor-col-100 elementor-top-column elementor-element elementor-element-d4d5978\" data-id=\"d4d5978\" data-element_type=\"column\">\n\t\t\t<div class=\"elementor-widget-wrap elementor-element-populated\">\n\t\t\t\t\t\t\t\t<div class=\"elementor-element elementor-element-9dd13e8 elementor-widget elementor-widget-text-editor\" data-id=\"9dd13e8\" data-element_type=\"widget\" data-widget_type=\"text-editor.default\">\n\t\t\t\t<div class=\"elementor-widget-container\">\n\t\t\t\t\t\t\t<p><span style=\"font-weight:700\">Some Projects<\/span><\/p>\t\t\t\t\t\t<\/div>\n\t\t\t\t<\/div>\n\t\t\t\t<div class=\"elementor-element elementor-element-56809e6 elementor-widget-divider--view-line elementor-widget elementor-widget-divider\" data-id=\"56809e6\" data-element_type=\"widget\" data-widget_type=\"divider.default\">\n\t\t\t\t<div class=\"elementor-widget-container\">\n\t\t\t\t\t<div class=\"elementor-divider\">\n\t\t\t<span class=\"elementor-divider-separator\">\n\t\t\t\t\t\t<\/span>\n\t\t<\/div>\n\t\t\t\t<\/div>\n\t\t\t\t<\/div>\n\t\t\t\t\t<\/div>\n\t\t<\/div>\n\t\t\t\t\t\t\t<\/div>\n\t\t<\/section>\n\t\t\t\t<section class=\"elementor-section elementor-top-section elementor-element elementor-element-24897f3 elementor-section-boxed elementor-section-height-default elementor-section-height-default\" data-id=\"24897f3\" data-element_type=\"section\">\n\t\t\t\t\t\t<div class=\"elementor-container elementor-column-gap-default\">\n\t\t\t\t\t<div class=\"elementor-column elementor-col-33 elementor-top-column elementor-element elementor-element-bf476f3\" data-id=\"bf476f3\" data-element_type=\"column\">\n\t\t\t<div class=\"elementor-widget-wrap elementor-element-populated\">\n\t\t\t\t\t\t\t\t<div class=\"elementor-element elementor-element-1d85990 elementor-widget elementor-widget-image\" data-id=\"1d85990\" data-element_type=\"widget\" data-widget_type=\"image.default\">\n\t\t\t\t<div class=\"elementor-widget-container\">\n\t\t\t\t\t\t\t\t\t\t\t\t\t\t\t\t<a href=\"https:\/\/renelagos.com\/wp-content\/uploads\/2023\/12\/BrochreBIM-copy_page-0004.jpg\" data-elementor-open-lightbox=\"yes\" data-elementor-lightbox-title=\"BrochreBIM copy_page-0004\">\n\t\t\t\t\t\t\t<img width=\"791\" height=\"1024\" src=\"https:\/\/renelagos.com\/wp-content\/uploads\/2023\/12\/BrochreBIM-copy_page-0004-791x1024.jpg\" class=\"attachment-large size-large\" alt=\"\" loading=\"lazy\" srcset=\"https:\/\/renelagos.com\/wp-content\/uploads\/2023\/12\/BrochreBIM-copy_page-0004-791x1024.jpg 791w, https:\/\/renelagos.com\/wp-content\/uploads\/2023\/12\/BrochreBIM-copy_page-0004-232x300.jpg 232w, https:\/\/renelagos.com\/wp-content\/uploads\/2023\/12\/BrochreBIM-copy_page-0004-768x994.jpg 768w, https:\/\/renelagos.com\/wp-content\/uploads\/2023\/12\/BrochreBIM-copy_page-0004-1187x1536.jpg 1187w, https:\/\/renelagos.com\/wp-content\/uploads\/2023\/12\/BrochreBIM-copy_page-0004.jpg 1275w\" sizes=\"(max-width: 791px) 100vw, 791px\" \/>\t\t\t\t\t\t\t\t<\/a>\n\t\t\t\t\t\t\t\t\t\t\t\t\t\t\t<\/div>\n\t\t\t\t<\/div>\n\t\t\t\t\t<\/div>\n\t\t<\/div>\n\t\t\t\t<div class=\"elementor-column elementor-col-33 elementor-top-column elementor-element elementor-element-a09301a\" data-id=\"a09301a\" data-element_type=\"column\">\n\t\t\t<div class=\"elementor-widget-wrap elementor-element-populated\">\n\t\t\t\t\t\t\t\t<div class=\"elementor-element elementor-element-f80887c elementor-widget elementor-widget-image\" data-id=\"f80887c\" data-element_type=\"widget\" data-widget_type=\"image.default\">\n\t\t\t\t<div class=\"elementor-widget-container\">\n\t\t\t\t\t\t\t\t\t\t\t\t\t\t\t\t<a href=\"https:\/\/renelagos.com\/wp-content\/uploads\/2023\/12\/BrochreBIM-copy_page-0005.jpg\" data-elementor-open-lightbox=\"yes\" data-elementor-lightbox-title=\"BrochreBIM copy_page-0005\">\n\t\t\t\t\t\t\t<img width=\"791\" height=\"1024\" src=\"https:\/\/renelagos.com\/wp-content\/uploads\/2023\/12\/BrochreBIM-copy_page-0005-791x1024.jpg\" class=\"attachment-large size-large\" alt=\"\" loading=\"lazy\" srcset=\"https:\/\/renelagos.com\/wp-content\/uploads\/2023\/12\/BrochreBIM-copy_page-0005-791x1024.jpg 791w, https:\/\/renelagos.com\/wp-content\/uploads\/2023\/12\/BrochreBIM-copy_page-0005-232x300.jpg 232w, https:\/\/renelagos.com\/wp-content\/uploads\/2023\/12\/BrochreBIM-copy_page-0005-768x994.jpg 768w, https:\/\/renelagos.com\/wp-content\/uploads\/2023\/12\/BrochreBIM-copy_page-0005-1187x1536.jpg 1187w, https:\/\/renelagos.com\/wp-content\/uploads\/2023\/12\/BrochreBIM-copy_page-0005.jpg 1275w\" sizes=\"(max-width: 791px) 100vw, 791px\" \/>\t\t\t\t\t\t\t\t<\/a>\n\t\t\t\t\t\t\t\t\t\t\t\t\t\t\t<\/div>\n\t\t\t\t<\/div>\n\t\t\t\t\t<\/div>\n\t\t<\/div>\n\t\t\t\t<div class=\"elementor-column elementor-col-33 elementor-top-column elementor-element elementor-element-f2c180f\" data-id=\"f2c180f\" data-element_type=\"column\">\n\t\t\t<div class=\"elementor-widget-wrap elementor-element-populated\">\n\t\t\t\t\t\t\t\t<div class=\"elementor-element elementor-element-9b42f7e elementor-widget elementor-widget-image\" data-id=\"9b42f7e\" data-element_type=\"widget\" data-widget_type=\"image.default\">\n\t\t\t\t<div class=\"elementor-widget-container\">\n\t\t\t\t\t\t\t\t\t\t\t\t\t\t\t\t<a href=\"https:\/\/renelagos.com\/wp-content\/uploads\/2023\/12\/BrochreBIM-copy_page-0006.jpg\" data-elementor-open-lightbox=\"yes\" data-elementor-lightbox-title=\"BrochreBIM copy_page-0006\">\n\t\t\t\t\t\t\t<img width=\"773\" height=\"1024\" src=\"https:\/\/renelagos.com\/wp-content\/uploads\/2023\/12\/BrochreBIM-copy_page-0006-773x1024.jpg\" class=\"attachment-large size-large\" alt=\"\" loading=\"lazy\" srcset=\"https:\/\/renelagos.com\/wp-content\/uploads\/2023\/12\/BrochreBIM-copy_page-0006-773x1024.jpg 773w, https:\/\/renelagos.com\/wp-content\/uploads\/2023\/12\/BrochreBIM-copy_page-0006-227x300.jpg 227w, https:\/\/renelagos.com\/wp-content\/uploads\/2023\/12\/BrochreBIM-copy_page-0006-768x1017.jpg 768w, https:\/\/renelagos.com\/wp-content\/uploads\/2023\/12\/BrochreBIM-copy_page-0006-1160x1536.jpg 1160w, https:\/\/renelagos.com\/wp-content\/uploads\/2023\/12\/BrochreBIM-copy_page-0006.jpg 1275w\" sizes=\"(max-width: 773px) 100vw, 773px\" \/>\t\t\t\t\t\t\t\t<\/a>\n\t\t\t\t\t\t\t\t\t\t\t\t\t\t\t<\/div>\n\t\t\t\t<\/div>\n\t\t\t\t\t<\/div>\n\t\t<\/div>\n\t\t\t\t\t\t\t<\/div>\n\t\t<\/section>\n\t\t\t\t<section class=\"elementor-section elementor-top-section elementor-element elementor-element-bd66781 elementor-section-boxed elementor-section-height-default elementor-section-height-default\" data-id=\"bd66781\" data-element_type=\"section\">\n\t\t\t\t\t\t<div class=\"elementor-container elementor-column-gap-default\">\n\t\t\t\t\t<div class=\"elementor-column elementor-col-50 elementor-top-column elementor-element elementor-element-1117733\" data-id=\"1117733\" data-element_type=\"column\">\n\t\t\t<div class=\"elementor-widget-wrap elementor-element-populated\">\n\t\t\t\t\t\t\t\t<div class=\"elementor-element elementor-element-dcbe54e elementor-widget elementor-widget-image\" data-id=\"dcbe54e\" data-element_type=\"widget\" data-widget_type=\"image.default\">\n\t\t\t\t<div class=\"elementor-widget-container\">\n\t\t\t\t\t\t\t\t\t\t\t\t\t\t\t\t<a href=\"https:\/\/renelagos.com\/wp-content\/uploads\/2023\/12\/BrochreBIM-copy_page-0007.jpg\" data-elementor-open-lightbox=\"yes\" data-elementor-lightbox-title=\"BrochreBIM copy_page-0007\">\n\t\t\t\t\t\t\t<img width=\"790\" height=\"1024\" src=\"https:\/\/renelagos.com\/wp-content\/uploads\/2023\/12\/BrochreBIM-copy_page-0007-790x1024.jpg\" class=\"attachment-large size-large\" alt=\"\" loading=\"lazy\" srcset=\"https:\/\/renelagos.com\/wp-content\/uploads\/2023\/12\/BrochreBIM-copy_page-0007-790x1024.jpg 790w, https:\/\/renelagos.com\/wp-content\/uploads\/2023\/12\/BrochreBIM-copy_page-0007-231x300.jpg 231w, https:\/\/renelagos.com\/wp-content\/uploads\/2023\/12\/BrochreBIM-copy_page-0007-768x996.jpg 768w, https:\/\/renelagos.com\/wp-content\/uploads\/2023\/12\/BrochreBIM-copy_page-0007-1185x1536.jpg 1185w, https:\/\/renelagos.com\/wp-content\/uploads\/2023\/12\/BrochreBIM-copy_page-0007.jpg 1275w\" sizes=\"(max-width: 790px) 100vw, 790px\" \/>\t\t\t\t\t\t\t\t<\/a>\n\t\t\t\t\t\t\t\t\t\t\t\t\t\t\t<\/div>\n\t\t\t\t<\/div>\n\t\t\t\t\t<\/div>\n\t\t<\/div>\n\t\t\t\t<div class=\"elementor-column elementor-col-50 elementor-top-column elementor-element elementor-element-aecac9a\" data-id=\"aecac9a\" data-element_type=\"column\">\n\t\t\t<div class=\"elementor-widget-wrap elementor-element-populated\">\n\t\t\t\t\t\t\t\t<div class=\"elementor-element elementor-element-8ab5d0a elementor-widget elementor-widget-image\" data-id=\"8ab5d0a\" data-element_type=\"widget\" data-widget_type=\"image.default\">\n\t\t\t\t<div class=\"elementor-widget-container\">\n\t\t\t\t\t\t\t\t\t\t\t\t\t\t\t\t<a href=\"https:\/\/renelagos.com\/wp-content\/uploads\/2023\/12\/BrochreBIM-copy_page-0008.jpg\" data-elementor-open-lightbox=\"yes\" data-elementor-lightbox-title=\"BrochreBIM copy_page-0008\">\n\t\t\t\t\t\t\t<img width=\"729\" height=\"1024\" src=\"https:\/\/renelagos.com\/wp-content\/uploads\/2023\/12\/BrochreBIM-copy_page-0008-729x1024.jpg\" class=\"attachment-large size-large\" alt=\"\" loading=\"lazy\" srcset=\"https:\/\/renelagos.com\/wp-content\/uploads\/2023\/12\/BrochreBIM-copy_page-0008-729x1024.jpg 729w, https:\/\/renelagos.com\/wp-content\/uploads\/2023\/12\/BrochreBIM-copy_page-0008-214x300.jpg 214w, https:\/\/renelagos.com\/wp-content\/uploads\/2023\/12\/BrochreBIM-copy_page-0008-768x1078.jpg 768w, https:\/\/renelagos.com\/wp-content\/uploads\/2023\/12\/BrochreBIM-copy_page-0008-1094x1536.jpg 1094w, https:\/\/renelagos.com\/wp-content\/uploads\/2023\/12\/BrochreBIM-copy_page-0008.jpg 1263w\" sizes=\"(max-width: 729px) 100vw, 729px\" \/>\t\t\t\t\t\t\t\t<\/a>\n\t\t\t\t\t\t\t\t\t\t\t\t\t\t\t<\/div>\n\t\t\t\t<\/div>\n\t\t\t\t\t<\/div>\n\t\t<\/div>\n\t\t\t\t\t\t\t<\/div>\n\t\t<\/section>\n\t\t\t\t<section class=\"elementor-section elementor-top-section elementor-element elementor-element-800a16b elementor-section-boxed elementor-section-height-default elementor-section-height-default\" data-id=\"800a16b\" data-element_type=\"section\" data-settings=\"{&quot;background_background&quot;:&quot;classic&quot;}\">\n\t\t\t\t\t\t<div class=\"elementor-container elementor-column-gap-default\">\n\t\t\t\t\t<div class=\"elementor-column elementor-col-50 elementor-top-column elementor-element elementor-element-450af99\" data-id=\"450af99\" data-element_type=\"column\">\n\t\t\t<div class=\"elementor-widget-wrap elementor-element-populated\">\n\t\t\t\t\t\t\t\t<div class=\"elementor-element elementor-element-41ab86e elementor-widget elementor-widget-text-editor\" data-id=\"41ab86e\" data-element_type=\"widget\" data-widget_type=\"text-editor.default\">\n\t\t\t\t<div class=\"elementor-widget-container\">\n\t\t\t\t\t\t\t<p><span style=\"font-weight:700\">Brochure  BIM Consulting<\/span><\/p>\t\t\t\t\t\t<\/div>\n\t\t\t\t<\/div>\n\t\t\t\t<div class=\"elementor-element elementor-element-9ff3517 elementor-widget-divider--view-line elementor-widget elementor-widget-divider\" data-id=\"9ff3517\" data-element_type=\"widget\" data-widget_type=\"divider.default\">\n\t\t\t\t<div class=\"elementor-widget-container\">\n\t\t\t\t\t<div class=\"elementor-divider\">\n\t\t\t<span class=\"elementor-divider-separator\">\n\t\t\t\t\t\t<\/span>\n\t\t<\/div>\n\t\t\t\t<\/div>\n\t\t\t\t<\/div>\n\t\t\t\t\t<\/div>\n\t\t<\/div>\n\t\t\t\t<div class=\"elementor-column elementor-col-50 elementor-top-column elementor-element elementor-element-3229373\" data-id=\"3229373\" data-element_type=\"column\">\n\t\t\t<div class=\"elementor-widget-wrap elementor-element-populated\">\n\t\t\t\t\t\t\t\t<div class=\"elementor-element elementor-element-520c504 elementor-align-center elementor-widget elementor-widget-button\" data-id=\"520c504\" data-element_type=\"widget\" data-widget_type=\"button.default\">\n\t\t\t\t<div class=\"elementor-widget-container\">\n\t\t\t\t\t<div class=\"elementor-button-wrapper\">\n\t\t\t<a href=\"https:\/\/renelagos.com\/wp-content\/uploads\/2023\/12\/BrochreBIM-copy.pdf\" target=\"_blank\" class=\"elementor-button-link elementor-button elementor-size-lg\" role=\"button\">\n\t\t\t\t\t\t<span class=\"elementor-button-content-wrapper\">\n\t\t\t\t\t\t<span class=\"elementor-button-text\">Download Brochure<\/span>\n\t\t<\/span>\n\t\t\t\t\t<\/a>\n\t\t<\/div>\n\t\t\t\t<\/div>\n\t\t\t\t<\/div>\n\t\t\t\t\t<\/div>\n\t\t<\/div>\n\t\t\t\t\t\t\t<\/div>\n\t\t<\/section>\n\t\t\t\t\t\t<\/div>\n\t\t\t\t\t<\/div>","protected":false},"excerpt":{"rendered":"<p>Consultor\u00eda BIM En Rene Lagos Engineers, nuestra consultor\u00eda BIM es un testimonio de nuestra dedicaci\u00f3n para llevar la construcci\u00f3n y el dise\u00f1o al siguiente nivel. Nuestro equipo de profesionales multidisciplinarios est\u00e1 comprometido en brindar servicios BIM personalizados que se ajusten a las necesidades de cada cliente. Con a\u00f1os de experiencia en el desarrollo de proyectos [&hellip;]<\/p>","protected":false},"author":1,"featured_media":0,"parent":64,"menu_order":0,"comment_status":"closed","ping_status":"closed","template":"elementor_header_footer","meta":[],"_links":{"self":[{"href":"https:\/\/renelagos.com\/en\/wp-json\/wp\/v2\/pages\/1960"}],"collection":[{"href":"https:\/\/renelagos.com\/en\/wp-json\/wp\/v2\/pages"}],"about":[{"href":"https:\/\/renelagos.com\/en\/wp-json\/wp\/v2\/types\/page"}],"author":[{"embeddable":true,"href":"https:\/\/renelagos.com\/en\/wp-json\/wp\/v2\/users\/1"}],"replies":[{"embeddable":true,"href":"https:\/\/renelagos.com\/en\/wp-json\/wp\/v2\/comments?post=1960"}],"version-history":[{"count":35,"href":"https:\/\/renelagos.com\/en\/wp-json\/wp\/v2\/pages\/1960\/revisions"}],"predecessor-version":[{"id":2361,"href":"https:\/\/renelagos.com\/en\/wp-json\/wp\/v2\/pages\/1960\/revisions\/2361"}],"up":[{"embeddable":true,"href":"https:\/\/renelagos.com\/en\/wp-json\/wp\/v2\/pages\/64"}],"wp:attachment":[{"href":"https:\/\/renelagos.com\/en\/wp-json\/wp\/v2\/media?parent=1960"}],"curies":[{"name":"wp","href":"https:\/\/api.w.org\/{rel}","templated":true}]}}