{"id":1959,"date":"2023-06-28T14:57:22","date_gmt":"2023-06-28T14:57:22","guid":{"rendered":"https:\/\/renelagos.com\/?page_id=1959"},"modified":"2024-06-27T22:13:32","modified_gmt":"2024-06-27T22:13:32","slug":"analisis-de-vulnerabilidad%e2%80%8b","status":"publish","type":"page","link":"https:\/\/renelagos.com\/en\/servicios\/analisis-de-vulnerabilidad%e2%80%8b\/","title":{"rendered":"Vulnerability Analysis"},"content":{"rendered":"<div data-elementor-type=\"wp-page\" data-elementor-id=\"1959\" class=\"elementor elementor-1959\" data-elementor-settings=\"[]\">\n\t\t\t\t\t\t\t<div class=\"elementor-section-wrap\">\n\t\t\t\t\t\t\t<section class=\"elementor-section elementor-top-section elementor-element elementor-element-b1f5244 elementor-section-full_width elementor-section-height-default elementor-section-height-default\" data-id=\"b1f5244\" data-element_type=\"section\" data-settings=\"{&quot;background_background&quot;:&quot;classic&quot;}\">\n\t\t\t\t\t\t<div class=\"elementor-container elementor-column-gap-default\">\n\t\t\t\t\t<div class=\"elementor-column elementor-col-50 elementor-top-column elementor-element elementor-element-b9b09f5\" data-id=\"b9b09f5\" data-element_type=\"column\">\n\t\t\t<div class=\"elementor-widget-wrap elementor-element-populated\">\n\t\t\t\t\t\t\t\t<div class=\"elementor-element elementor-element-d05151b elementor-widget elementor-widget-text-editor\" data-id=\"d05151b\" data-element_type=\"widget\" data-widget_type=\"text-editor.default\">\n\t\t\t\t<div class=\"elementor-widget-container\">\n\t\t\t\t\t\t\t<p><span style=\"font-weight:700\">Vulnerability Analysis<\/span><\/p>\t\t\t\t\t\t<\/div>\n\t\t\t\t<\/div>\n\t\t\t\t\t<\/div>\n\t\t<\/div>\n\t\t\t\t<div class=\"elementor-column elementor-col-50 elementor-top-column elementor-element elementor-element-09a6010\" data-id=\"09a6010\" data-element_type=\"column\">\n\t\t\t<div class=\"elementor-widget-wrap elementor-element-populated\">\n\t\t\t\t\t\t\t\t<div class=\"elementor-element elementor-element-deaf5f1 elementor-widget elementor-widget-text-editor\" data-id=\"deaf5f1\" data-element_type=\"widget\" data-widget_type=\"text-editor.default\">\n\t\t\t\t<div class=\"elementor-widget-container\">\n\t\t\t\t\t\t\t<p>At Rene Lagos Engineers, we are leaders in vulnerability analysis, offering a detailed and accurate view of the resilience of your structures and assets to potential hazards and extreme events. <\/p>\n<p>Our team of engineering experts perform comprehensive assessments, using the latest technologies and methodologies, to identify critical areas and weaknesses in your infrastructure. Whether assessing seismic, climate or other vulnerabilities, our focus is to provide essential information for informed decision making. With years of experience in the field, we work closely with our clients to develop effective mitigation strategies and ensure the safety and protection of their most valuable assets. <\/p>\n<p>At Rene Lagos Engineers, we pride ourselves on providing solutions that strengthen the resilience of your built environment in an ever-changing and challenging world.<\/p>\t\t\t\t\t\t<\/div>\n\t\t\t\t<\/div>\n\t\t\t\t\t<\/div>\n\t\t<\/div>\n\t\t\t\t\t\t\t<\/div>\n\t\t<\/section>\n\t\t\t\t\t\t<\/div>\n\t\t\t\t\t<\/div>","protected":false},"excerpt":{"rendered":"<p>Ana\u0301lisis de Vulnerabilidad En Rene Lagos Engineers, somos l\u00edderes en el an\u00e1lisis de vulnerabilidad, ofreciendo una visi\u00f3n detallada y precisa de la capacidad de resistencia de sus estructuras y activos ante posibles amenazas y eventos extremos. Nuestro equipo de expertos en ingenier\u00eda realiza evaluaciones exhaustivas, utilizando las \u00faltimas tecnolog\u00edas y metodolog\u00edas, para identificar \u00e1reas cr\u00edticas [&hellip;]<\/p>","protected":false},"author":1,"featured_media":0,"parent":64,"menu_order":0,"comment_status":"closed","ping_status":"closed","template":"elementor_header_footer","meta":[],"_links":{"self":[{"href":"https:\/\/renelagos.com\/en\/wp-json\/wp\/v2\/pages\/1959"}],"collection":[{"href":"https:\/\/renelagos.com\/en\/wp-json\/wp\/v2\/pages"}],"about":[{"href":"https:\/\/renelagos.com\/en\/wp-json\/wp\/v2\/types\/page"}],"author":[{"embeddable":true,"href":"https:\/\/renelagos.com\/en\/wp-json\/wp\/v2\/users\/1"}],"replies":[{"embeddable":true,"href":"https:\/\/renelagos.com\/en\/wp-json\/wp\/v2\/comments?post=1959"}],"version-history":[{"count":13,"href":"https:\/\/renelagos.com\/en\/wp-json\/wp\/v2\/pages\/1959\/revisions"}],"predecessor-version":[{"id":2358,"href":"https:\/\/renelagos.com\/en\/wp-json\/wp\/v2\/pages\/1959\/revisions\/2358"}],"up":[{"embeddable":true,"href":"https:\/\/renelagos.com\/en\/wp-json\/wp\/v2\/pages\/64"}],"wp:attachment":[{"href":"https:\/\/renelagos.com\/en\/wp-json\/wp\/v2\/media?parent=1959"}],"curies":[{"name":"wp","href":"https:\/\/api.w.org\/{rel}","templated":true}]}}