{"id":1957,"date":"2023-06-28T14:56:20","date_gmt":"2023-06-28T14:56:20","guid":{"rendered":"https:\/\/renelagos.com\/?page_id=1957"},"modified":"2024-06-27T22:16:24","modified_gmt":"2024-06-27T22:16:24","slug":"diseno-sismico-basado-en-desempeno","status":"publish","type":"page","link":"https:\/\/renelagos.com\/en\/servicios\/diseno-sismico-basado-en-desempeno\/","title":{"rendered":"Performance Based Seismic Design (PBSD)"},"content":{"rendered":"<div data-elementor-type=\"wp-page\" data-elementor-id=\"1957\" class=\"elementor elementor-1957\" data-elementor-settings=\"[]\">\n\t\t\t\t\t\t\t<div class=\"elementor-section-wrap\">\n\t\t\t\t\t\t\t<section class=\"elementor-section elementor-top-section elementor-element elementor-element-20b9080 elementor-section-full_width elementor-section-height-default elementor-section-height-default\" data-id=\"20b9080\" data-element_type=\"section\" data-settings=\"{&quot;background_background&quot;:&quot;classic&quot;}\">\n\t\t\t\t\t\t<div class=\"elementor-container elementor-column-gap-default\">\n\t\t\t\t\t<div class=\"elementor-column elementor-col-50 elementor-top-column elementor-element elementor-element-446194e\" data-id=\"446194e\" data-element_type=\"column\">\n\t\t\t<div class=\"elementor-widget-wrap elementor-element-populated\">\n\t\t\t\t\t\t\t\t<div class=\"elementor-element elementor-element-b65d01c elementor-widget elementor-widget-text-editor\" data-id=\"b65d01c\" data-element_type=\"widget\" data-widget_type=\"text-editor.default\">\n\t\t\t\t<div class=\"elementor-widget-container\">\n\t\t\t\t\t\t\t<p><span style=\"font-weight:700\">Performance Based Seismic Design<\/span>&nbsp;(PBSD)<\/p>\t\t\t\t\t\t<\/div>\n\t\t\t\t<\/div>\n\t\t\t\t<div class=\"elementor-element elementor-element-165a598 elementor-widget-divider--view-line elementor-widget elementor-widget-divider\" data-id=\"165a598\" data-element_type=\"widget\" data-widget_type=\"divider.default\">\n\t\t\t\t<div class=\"elementor-widget-container\">\n\t\t\t\t\t<div class=\"elementor-divider\">\n\t\t\t<span class=\"elementor-divider-separator\">\n\t\t\t\t\t\t<\/span>\n\t\t<\/div>\n\t\t\t\t<\/div>\n\t\t\t\t<\/div>\n\t\t\t\t<div class=\"elementor-element elementor-element-9a88137 elementor-widget elementor-widget-image\" data-id=\"9a88137\" data-element_type=\"widget\" data-widget_type=\"image.default\">\n\t\t\t\t<div class=\"elementor-widget-container\">\n\t\t\t\t\t\t\t\t\t\t\t\t\t\t\t<img width=\"1024\" height=\"572\" src=\"https:\/\/renelagos.com\/wp-content\/uploads\/2023\/10\/imagen-en-ingles-1024x572.png\" class=\"attachment-large size-large\" alt=\"\" loading=\"lazy\" srcset=\"https:\/\/renelagos.com\/wp-content\/uploads\/2023\/10\/imagen-en-ingles-1024x572.png 1024w, https:\/\/renelagos.com\/wp-content\/uploads\/2023\/10\/imagen-en-ingles-300x168.png 300w, https:\/\/renelagos.com\/wp-content\/uploads\/2023\/10\/imagen-en-ingles-768x429.png 768w, https:\/\/renelagos.com\/wp-content\/uploads\/2023\/10\/imagen-en-ingles.png 1242w\" sizes=\"(max-width: 1024px) 100vw, 1024px\" \/>\t\t\t\t\t\t\t\t\t\t\t\t\t\t\t<\/div>\n\t\t\t\t<\/div>\n\t\t\t\t\t<\/div>\n\t\t<\/div>\n\t\t\t\t<div class=\"elementor-column elementor-col-50 elementor-top-column elementor-element elementor-element-08ce1e0\" data-id=\"08ce1e0\" data-element_type=\"column\">\n\t\t\t<div class=\"elementor-widget-wrap elementor-element-populated\">\n\t\t\t\t\t\t\t\t<div class=\"elementor-element elementor-element-e64a6cf elementor-widget elementor-widget-text-editor\" data-id=\"e64a6cf\" data-element_type=\"widget\" data-widget_type=\"text-editor.default\">\n\t\t\t\t<div class=\"elementor-widget-container\">\n\t\t\t\t\t\t\t<p>At Rene Lagos Engineers, we are leaders in the field of Performance Based Seismic Design (PBSD), a methodology that offers a number of notable benefits in the planning and construction of structures. Our PBSD approach is designed to optimize seismic performance while providing economic advantages, such as reduced construction costs and maximized lease space.<\/p>\n<p>Our goals in implementing PBSD are multiple and ambitious, including the ability to adapt to specific code requirements, incorporating seismic force-resisting systems, and encouraging innovative design not prescribed by traditional code. In addition, we strive to reduce structural and non-structural damage by improving seismic performance targets at specific seismic intensity levels, which elevates life safety and immediate building occupancy.<\/p>\n<p>At Rene Lagos Engineers, we embrace the cutting edge of seismic design to ensure resilient and efficient structures that exceed expectations in every aspect.<br><\/p>\t\t\t\t\t\t<\/div>\n\t\t\t\t<\/div>\n\t\t\t\t\t<\/div>\n\t\t<\/div>\n\t\t\t\t\t\t\t<\/div>\n\t\t<\/section>\n\t\t\t\t<section class=\"elementor-section elementor-top-section elementor-element elementor-element-1f300b4 elementor-section-boxed elementor-section-height-default elementor-section-height-default\" data-id=\"1f300b4\" data-element_type=\"section\">\n\t\t\t\t\t\t<div class=\"elementor-container elementor-column-gap-default\">\n\t\t\t\t\t<div class=\"elementor-column elementor-col-100 elementor-top-column elementor-element elementor-element-159c0e7\" data-id=\"159c0e7\" data-element_type=\"column\">\n\t\t\t<div class=\"elementor-widget-wrap elementor-element-populated\">\n\t\t\t\t\t\t\t\t<div class=\"elementor-element elementor-element-fc7d382 elementor-widget elementor-widget-text-editor\" data-id=\"fc7d382\" data-element_type=\"widget\" data-widget_type=\"text-editor.default\">\n\t\t\t\t<div class=\"elementor-widget-container\">\n\t\t\t\t\t\t\t<p><span style=\"font-weight:700\">Some Projects<\/span><\/p>\t\t\t\t\t\t<\/div>\n\t\t\t\t<\/div>\n\t\t\t\t<div class=\"elementor-element elementor-element-e268b6c elementor-widget-divider--view-line elementor-widget elementor-widget-divider\" data-id=\"e268b6c\" data-element_type=\"widget\" data-widget_type=\"divider.default\">\n\t\t\t\t<div class=\"elementor-widget-container\">\n\t\t\t\t\t<div class=\"elementor-divider\">\n\t\t\t<span class=\"elementor-divider-separator\">\n\t\t\t\t\t\t<\/span>\n\t\t<\/div>\n\t\t\t\t<\/div>\n\t\t\t\t<\/div>\n\t\t\t\t\t<\/div>\n\t\t<\/div>\n\t\t\t\t\t\t\t<\/div>\n\t\t<\/section>\n\t\t\t\t<section class=\"elementor-section elementor-top-section elementor-element elementor-element-022543c elementor-section-boxed elementor-section-height-default elementor-section-height-default\" data-id=\"022543c\" data-element_type=\"section\">\n\t\t\t\t\t\t<div class=\"elementor-container elementor-column-gap-default\">\n\t\t\t\t\t<div class=\"elementor-column elementor-col-20 elementor-top-column elementor-element elementor-element-ebe4120\" data-id=\"ebe4120\" data-element_type=\"column\">\n\t\t\t<div class=\"elementor-widget-wrap elementor-element-populated\">\n\t\t\t\t\t\t\t\t<div class=\"elementor-element elementor-element-64ab6bd elementor-widget elementor-widget-image\" data-id=\"64ab6bd\" data-element_type=\"widget\" data-widget_type=\"image.default\">\n\t\t\t\t<div class=\"elementor-widget-container\">\n\t\t\t\t\t\t\t\t\t\t\t\t\t\t\t\t<a href=\"https:\/\/renelagos.com\/wp-content\/uploads\/2023\/10\/BrochrePBSDenglish_pages-to-jpg-0009.jpg\" data-elementor-open-lightbox=\"yes\" data-elementor-lightbox-title=\"BrochrePBSDenglish_pages-to-jpg-0009\">\n\t\t\t\t\t\t\t<img width=\"791\" height=\"1024\" src=\"https:\/\/renelagos.com\/wp-content\/uploads\/2023\/10\/BrochrePBSDenglish_pages-to-jpg-0009-791x1024.jpg\" class=\"attachment-large size-large\" alt=\"\" loading=\"lazy\" srcset=\"https:\/\/renelagos.com\/wp-content\/uploads\/2023\/10\/BrochrePBSDenglish_pages-to-jpg-0009-791x1024.jpg 791w, https:\/\/renelagos.com\/wp-content\/uploads\/2023\/10\/BrochrePBSDenglish_pages-to-jpg-0009-232x300.jpg 232w, https:\/\/renelagos.com\/wp-content\/uploads\/2023\/10\/BrochrePBSDenglish_pages-to-jpg-0009-768x994.jpg 768w, https:\/\/renelagos.com\/wp-content\/uploads\/2023\/10\/BrochrePBSDenglish_pages-to-jpg-0009-1187x1536.jpg 1187w, https:\/\/renelagos.com\/wp-content\/uploads\/2023\/10\/BrochrePBSDenglish_pages-to-jpg-0009.jpg 1545w\" sizes=\"(max-width: 791px) 100vw, 791px\" \/>\t\t\t\t\t\t\t\t<\/a>\n\t\t\t\t\t\t\t\t\t\t\t\t\t\t\t<\/div>\n\t\t\t\t<\/div>\n\t\t\t\t\t<\/div>\n\t\t<\/div>\n\t\t\t\t<div class=\"elementor-column elementor-col-20 elementor-top-column elementor-element elementor-element-c14ce27\" data-id=\"c14ce27\" data-element_type=\"column\">\n\t\t\t<div class=\"elementor-widget-wrap elementor-element-populated\">\n\t\t\t\t\t\t\t\t<div class=\"elementor-element elementor-element-2383e47 elementor-widget elementor-widget-image\" data-id=\"2383e47\" data-element_type=\"widget\" data-widget_type=\"image.default\">\n\t\t\t\t<div class=\"elementor-widget-container\">\n\t\t\t\t\t\t\t\t\t\t\t\t\t\t\t\t<a href=\"https:\/\/renelagos.com\/wp-content\/uploads\/2023\/10\/BrochrePBSDenglish_pages-to-jpg-0011.jpg\" data-elementor-open-lightbox=\"yes\" data-elementor-lightbox-title=\"BrochrePBSDenglish_pages-to-jpg-0011\">\n\t\t\t\t\t\t\t<img width=\"791\" height=\"1024\" src=\"https:\/\/renelagos.com\/wp-content\/uploads\/2023\/10\/BrochrePBSDenglish_pages-to-jpg-0011-791x1024.jpg\" class=\"attachment-large size-large\" alt=\"\" loading=\"lazy\" srcset=\"https:\/\/renelagos.com\/wp-content\/uploads\/2023\/10\/BrochrePBSDenglish_pages-to-jpg-0011-791x1024.jpg 791w, https:\/\/renelagos.com\/wp-content\/uploads\/2023\/10\/BrochrePBSDenglish_pages-to-jpg-0011-232x300.jpg 232w, https:\/\/renelagos.com\/wp-content\/uploads\/2023\/10\/BrochrePBSDenglish_pages-to-jpg-0011-768x994.jpg 768w, https:\/\/renelagos.com\/wp-content\/uploads\/2023\/10\/BrochrePBSDenglish_pages-to-jpg-0011-1187x1536.jpg 1187w, https:\/\/renelagos.com\/wp-content\/uploads\/2023\/10\/BrochrePBSDenglish_pages-to-jpg-0011.jpg 1545w\" sizes=\"(max-width: 791px) 100vw, 791px\" \/>\t\t\t\t\t\t\t\t<\/a>\n\t\t\t\t\t\t\t\t\t\t\t\t\t\t\t<\/div>\n\t\t\t\t<\/div>\n\t\t\t\t\t<\/div>\n\t\t<\/div>\n\t\t\t\t<div class=\"elementor-column elementor-col-20 elementor-top-column elementor-element elementor-element-e3aa184\" data-id=\"e3aa184\" data-element_type=\"column\">\n\t\t\t<div class=\"elementor-widget-wrap elementor-element-populated\">\n\t\t\t\t\t\t\t\t<div class=\"elementor-element elementor-element-629b342 elementor-widget elementor-widget-image\" data-id=\"629b342\" data-element_type=\"widget\" data-widget_type=\"image.default\">\n\t\t\t\t<div class=\"elementor-widget-container\">\n\t\t\t\t\t\t\t\t\t\t\t\t\t\t\t\t<a href=\"https:\/\/renelagos.com\/wp-content\/uploads\/2023\/10\/BrochrePBSDenglish_pages-to-jpg-0012.jpg\" data-elementor-open-lightbox=\"yes\" data-elementor-lightbox-title=\"BrochrePBSDenglish_pages-to-jpg-0012\">\n\t\t\t\t\t\t\t<img width=\"788\" height=\"1024\" src=\"https:\/\/renelagos.com\/wp-content\/uploads\/2023\/10\/BrochrePBSDenglish_pages-to-jpg-0012-788x1024.jpg\" class=\"attachment-large size-large\" alt=\"\" loading=\"lazy\" srcset=\"https:\/\/renelagos.com\/wp-content\/uploads\/2023\/10\/BrochrePBSDenglish_pages-to-jpg-0012-788x1024.jpg 788w, https:\/\/renelagos.com\/wp-content\/uploads\/2023\/10\/BrochrePBSDenglish_pages-to-jpg-0012-231x300.jpg 231w, https:\/\/renelagos.com\/wp-content\/uploads\/2023\/10\/BrochrePBSDenglish_pages-to-jpg-0012-768x998.jpg 768w, https:\/\/renelagos.com\/wp-content\/uploads\/2023\/10\/BrochrePBSDenglish_pages-to-jpg-0012-1182x1536.jpg 1182w, https:\/\/renelagos.com\/wp-content\/uploads\/2023\/10\/BrochrePBSDenglish_pages-to-jpg-0012.jpg 1539w\" sizes=\"(max-width: 788px) 100vw, 788px\" \/>\t\t\t\t\t\t\t\t<\/a>\n\t\t\t\t\t\t\t\t\t\t\t\t\t\t\t<\/div>\n\t\t\t\t<\/div>\n\t\t\t\t\t<\/div>\n\t\t<\/div>\n\t\t\t\t<div class=\"elementor-column elementor-col-20 elementor-top-column elementor-element elementor-element-1c24ecb\" data-id=\"1c24ecb\" data-element_type=\"column\">\n\t\t\t<div class=\"elementor-widget-wrap elementor-element-populated\">\n\t\t\t\t\t\t\t\t<div class=\"elementor-element elementor-element-6b4c056 elementor-widget elementor-widget-image\" data-id=\"6b4c056\" data-element_type=\"widget\" data-widget_type=\"image.default\">\n\t\t\t\t<div class=\"elementor-widget-container\">\n\t\t\t\t\t\t\t\t\t\t\t\t\t\t\t\t<a href=\"https:\/\/renelagos.com\/wp-content\/uploads\/2023\/10\/BrochrePBSDenglish_pages-to-jpg-0005.jpg\" data-elementor-open-lightbox=\"yes\" data-elementor-lightbox-title=\"BrochrePBSDenglish_pages-to-jpg-0005\">\n\t\t\t\t\t\t\t<img width=\"791\" height=\"1024\" src=\"https:\/\/renelagos.com\/wp-content\/uploads\/2023\/10\/BrochrePBSDenglish_pages-to-jpg-0005-791x1024.jpg\" class=\"attachment-large size-large\" alt=\"\" loading=\"lazy\" srcset=\"https:\/\/renelagos.com\/wp-content\/uploads\/2023\/10\/BrochrePBSDenglish_pages-to-jpg-0005-791x1024.jpg 791w, https:\/\/renelagos.com\/wp-content\/uploads\/2023\/10\/BrochrePBSDenglish_pages-to-jpg-0005-232x300.jpg 232w, https:\/\/renelagos.com\/wp-content\/uploads\/2023\/10\/BrochrePBSDenglish_pages-to-jpg-0005-768x994.jpg 768w, https:\/\/renelagos.com\/wp-content\/uploads\/2023\/10\/BrochrePBSDenglish_pages-to-jpg-0005-1187x1536.jpg 1187w, https:\/\/renelagos.com\/wp-content\/uploads\/2023\/10\/BrochrePBSDenglish_pages-to-jpg-0005.jpg 1545w\" sizes=\"(max-width: 791px) 100vw, 791px\" \/>\t\t\t\t\t\t\t\t<\/a>\n\t\t\t\t\t\t\t\t\t\t\t\t\t\t\t<\/div>\n\t\t\t\t<\/div>\n\t\t\t\t\t<\/div>\n\t\t<\/div>\n\t\t\t\t<div class=\"elementor-column elementor-col-20 elementor-top-column elementor-element elementor-element-e496b1b\" data-id=\"e496b1b\" data-element_type=\"column\">\n\t\t\t<div class=\"elementor-widget-wrap elementor-element-populated\">\n\t\t\t\t\t\t\t\t<div class=\"elementor-element elementor-element-26b6ccc elementor-widget elementor-widget-image\" data-id=\"26b6ccc\" data-element_type=\"widget\" data-widget_type=\"image.default\">\n\t\t\t\t<div class=\"elementor-widget-container\">\n\t\t\t\t\t\t\t\t\t\t\t\t\t\t\t\t<a href=\"https:\/\/renelagos.com\/wp-content\/uploads\/2023\/10\/BrochrePBSDenglish_pages-to-jpg-0004-scaled.jpg\" data-elementor-open-lightbox=\"yes\" data-elementor-lightbox-title=\"BrochrePBSDenglish_pages-to-jpg-0004\">\n\t\t\t\t\t\t\t<img width=\"791\" height=\"1024\" src=\"https:\/\/renelagos.com\/wp-content\/uploads\/2023\/10\/BrochrePBSDenglish_pages-to-jpg-0004-scaled.jpg\" class=\"attachment-large size-large\" alt=\"\" loading=\"lazy\" srcset=\"https:\/\/renelagos.com\/wp-content\/uploads\/2023\/10\/BrochrePBSDenglish_pages-to-jpg-0004-scaled.jpg 1978w, https:\/\/renelagos.com\/wp-content\/uploads\/2023\/10\/BrochrePBSDenglish_pages-to-jpg-0004-232x300.jpg 232w\" sizes=\"(max-width: 791px) 100vw, 791px\" \/>\t\t\t\t\t\t\t\t<\/a>\n\t\t\t\t\t\t\t\t\t\t\t\t\t\t\t<\/div>\n\t\t\t\t<\/div>\n\t\t\t\t\t<\/div>\n\t\t<\/div>\n\t\t\t\t\t\t\t<\/div>\n\t\t<\/section>\n\t\t\t\t<section class=\"elementor-section elementor-top-section elementor-element elementor-element-3e0a85c elementor-section-boxed elementor-section-height-default elementor-section-height-default\" data-id=\"3e0a85c\" data-element_type=\"section\">\n\t\t\t\t\t\t<div class=\"elementor-container elementor-column-gap-default\">\n\t\t\t\t\t<div class=\"elementor-column elementor-col-20 elementor-top-column elementor-element elementor-element-655181e\" data-id=\"655181e\" data-element_type=\"column\">\n\t\t\t<div class=\"elementor-widget-wrap elementor-element-populated\">\n\t\t\t\t\t\t\t\t<div class=\"elementor-element elementor-element-e7991b7 elementor-widget elementor-widget-image\" data-id=\"e7991b7\" data-element_type=\"widget\" data-widget_type=\"image.default\">\n\t\t\t\t<div class=\"elementor-widget-container\">\n\t\t\t\t\t\t\t\t\t\t\t\t\t\t\t\t<a href=\"https:\/\/renelagos.com\/wp-content\/uploads\/2023\/10\/BrochrePBSDenglish_pages-to-jpg-0006.jpg\" data-elementor-open-lightbox=\"yes\" data-elementor-lightbox-title=\"BrochrePBSDenglish_pages-to-jpg-0006\">\n\t\t\t\t\t\t\t<img width=\"791\" height=\"1024\" src=\"https:\/\/renelagos.com\/wp-content\/uploads\/2023\/10\/BrochrePBSDenglish_pages-to-jpg-0006-791x1024.jpg\" class=\"attachment-large size-large\" alt=\"\" loading=\"lazy\" srcset=\"https:\/\/renelagos.com\/wp-content\/uploads\/2023\/10\/BrochrePBSDenglish_pages-to-jpg-0006-791x1024.jpg 791w, https:\/\/renelagos.com\/wp-content\/uploads\/2023\/10\/BrochrePBSDenglish_pages-to-jpg-0006-232x300.jpg 232w, https:\/\/renelagos.com\/wp-content\/uploads\/2023\/10\/BrochrePBSDenglish_pages-to-jpg-0006-768x994.jpg 768w, https:\/\/renelagos.com\/wp-content\/uploads\/2023\/10\/BrochrePBSDenglish_pages-to-jpg-0006-1187x1536.jpg 1187w, https:\/\/renelagos.com\/wp-content\/uploads\/2023\/10\/BrochrePBSDenglish_pages-to-jpg-0006.jpg 1545w\" sizes=\"(max-width: 791px) 100vw, 791px\" \/>\t\t\t\t\t\t\t\t<\/a>\n\t\t\t\t\t\t\t\t\t\t\t\t\t\t\t<\/div>\n\t\t\t\t<\/div>\n\t\t\t\t\t<\/div>\n\t\t<\/div>\n\t\t\t\t<div class=\"elementor-column elementor-col-20 elementor-top-column elementor-element elementor-element-608e6dc\" data-id=\"608e6dc\" data-element_type=\"column\">\n\t\t\t<div class=\"elementor-widget-wrap elementor-element-populated\">\n\t\t\t\t\t\t\t\t<div class=\"elementor-element elementor-element-6f89f7d elementor-widget elementor-widget-image\" data-id=\"6f89f7d\" data-element_type=\"widget\" data-widget_type=\"image.default\">\n\t\t\t\t<div class=\"elementor-widget-container\">\n\t\t\t\t\t\t\t\t\t\t\t\t\t\t\t\t<a href=\"https:\/\/renelagos.com\/wp-content\/uploads\/2023\/10\/BrochrePBSDenglish_pages-to-jpg-0010.jpg\" data-elementor-open-lightbox=\"yes\" data-elementor-lightbox-title=\"BrochrePBSDenglish_pages-to-jpg-0010\">\n\t\t\t\t\t\t\t<img width=\"791\" height=\"1024\" src=\"https:\/\/renelagos.com\/wp-content\/uploads\/2023\/10\/BrochrePBSDenglish_pages-to-jpg-0010-791x1024.jpg\" class=\"attachment-large size-large\" alt=\"\" loading=\"lazy\" srcset=\"https:\/\/renelagos.com\/wp-content\/uploads\/2023\/10\/BrochrePBSDenglish_pages-to-jpg-0010-791x1024.jpg 791w, https:\/\/renelagos.com\/wp-content\/uploads\/2023\/10\/BrochrePBSDenglish_pages-to-jpg-0010-232x300.jpg 232w, https:\/\/renelagos.com\/wp-content\/uploads\/2023\/10\/BrochrePBSDenglish_pages-to-jpg-0010-768x994.jpg 768w, https:\/\/renelagos.com\/wp-content\/uploads\/2023\/10\/BrochrePBSDenglish_pages-to-jpg-0010-1187x1536.jpg 1187w, https:\/\/renelagos.com\/wp-content\/uploads\/2023\/10\/BrochrePBSDenglish_pages-to-jpg-0010.jpg 1545w\" sizes=\"(max-width: 791px) 100vw, 791px\" \/>\t\t\t\t\t\t\t\t<\/a>\n\t\t\t\t\t\t\t\t\t\t\t\t\t\t\t<\/div>\n\t\t\t\t<\/div>\n\t\t\t\t\t<\/div>\n\t\t<\/div>\n\t\t\t\t<div class=\"elementor-column elementor-col-20 elementor-top-column elementor-element elementor-element-7b3374e\" data-id=\"7b3374e\" data-element_type=\"column\">\n\t\t\t<div class=\"elementor-widget-wrap elementor-element-populated\">\n\t\t\t\t\t\t\t\t<div class=\"elementor-element elementor-element-71e8d2c elementor-widget elementor-widget-image\" data-id=\"71e8d2c\" data-element_type=\"widget\" data-widget_type=\"image.default\">\n\t\t\t\t<div class=\"elementor-widget-container\">\n\t\t\t\t\t\t\t\t\t\t\t\t\t\t\t\t<a href=\"https:\/\/renelagos.com\/wp-content\/uploads\/2023\/10\/BrochrePBSDenglish_pages-to-jpg-0008.jpg\" data-elementor-open-lightbox=\"yes\" data-elementor-lightbox-title=\"BrochrePBSDenglish_pages-to-jpg-0008\">\n\t\t\t\t\t\t\t<img width=\"791\" height=\"1024\" src=\"https:\/\/renelagos.com\/wp-content\/uploads\/2023\/10\/BrochrePBSDenglish_pages-to-jpg-0008-791x1024.jpg\" class=\"attachment-large size-large\" alt=\"\" loading=\"lazy\" srcset=\"https:\/\/renelagos.com\/wp-content\/uploads\/2023\/10\/BrochrePBSDenglish_pages-to-jpg-0008-791x1024.jpg 791w, https:\/\/renelagos.com\/wp-content\/uploads\/2023\/10\/BrochrePBSDenglish_pages-to-jpg-0008-232x300.jpg 232w, https:\/\/renelagos.com\/wp-content\/uploads\/2023\/10\/BrochrePBSDenglish_pages-to-jpg-0008-768x994.jpg 768w, https:\/\/renelagos.com\/wp-content\/uploads\/2023\/10\/BrochrePBSDenglish_pages-to-jpg-0008-1187x1536.jpg 1187w, https:\/\/renelagos.com\/wp-content\/uploads\/2023\/10\/BrochrePBSDenglish_pages-to-jpg-0008.jpg 1545w\" sizes=\"(max-width: 791px) 100vw, 791px\" \/>\t\t\t\t\t\t\t\t<\/a>\n\t\t\t\t\t\t\t\t\t\t\t\t\t\t\t<\/div>\n\t\t\t\t<\/div>\n\t\t\t\t\t<\/div>\n\t\t<\/div>\n\t\t\t\t<div class=\"elementor-column elementor-col-20 elementor-top-column elementor-element elementor-element-89db1f0\" data-id=\"89db1f0\" data-element_type=\"column\">\n\t\t\t<div class=\"elementor-widget-wrap elementor-element-populated\">\n\t\t\t\t\t\t\t\t<div class=\"elementor-element elementor-element-e027883 elementor-widget elementor-widget-image\" data-id=\"e027883\" data-element_type=\"widget\" data-widget_type=\"image.default\">\n\t\t\t\t<div class=\"elementor-widget-container\">\n\t\t\t\t\t\t\t\t\t\t\t\t\t\t\t\t<a href=\"https:\/\/renelagos.com\/wp-content\/uploads\/2023\/10\/BrochrePBSDenglish_pages-to-jpg-0007.jpg\" data-elementor-open-lightbox=\"yes\" data-elementor-lightbox-title=\"BrochrePBSDenglish_pages-to-jpg-0007\">\n\t\t\t\t\t\t\t<img width=\"791\" height=\"1024\" src=\"https:\/\/renelagos.com\/wp-content\/uploads\/2023\/10\/BrochrePBSDenglish_pages-to-jpg-0007-791x1024.jpg\" class=\"attachment-large size-large\" alt=\"\" loading=\"lazy\" srcset=\"https:\/\/renelagos.com\/wp-content\/uploads\/2023\/10\/BrochrePBSDenglish_pages-to-jpg-0007-791x1024.jpg 791w, https:\/\/renelagos.com\/wp-content\/uploads\/2023\/10\/BrochrePBSDenglish_pages-to-jpg-0007-232x300.jpg 232w, https:\/\/renelagos.com\/wp-content\/uploads\/2023\/10\/BrochrePBSDenglish_pages-to-jpg-0007-768x994.jpg 768w, https:\/\/renelagos.com\/wp-content\/uploads\/2023\/10\/BrochrePBSDenglish_pages-to-jpg-0007-1187x1536.jpg 1187w, https:\/\/renelagos.com\/wp-content\/uploads\/2023\/10\/BrochrePBSDenglish_pages-to-jpg-0007.jpg 1545w\" sizes=\"(max-width: 791px) 100vw, 791px\" \/>\t\t\t\t\t\t\t\t<\/a>\n\t\t\t\t\t\t\t\t\t\t\t\t\t\t\t<\/div>\n\t\t\t\t<\/div>\n\t\t\t\t\t<\/div>\n\t\t<\/div>\n\t\t\t\t<div class=\"elementor-column elementor-col-20 elementor-top-column elementor-element elementor-element-d5c6ab7\" data-id=\"d5c6ab7\" data-element_type=\"column\">\n\t\t\t<div class=\"elementor-widget-wrap elementor-element-populated\">\n\t\t\t\t\t\t\t\t<div class=\"elementor-element elementor-element-550c7ec elementor-widget elementor-widget-image\" data-id=\"550c7ec\" data-element_type=\"widget\" data-widget_type=\"image.default\">\n\t\t\t\t<div class=\"elementor-widget-container\">\n\t\t\t\t\t\t\t\t\t\t\t\t\t\t\t\t<a href=\"https:\/\/renelagos.com\/wp-content\/uploads\/2023\/10\/BrochrePBSDenglish_pages-to-jpg-0013.jpg\" data-elementor-open-lightbox=\"yes\" data-elementor-lightbox-title=\"BrochrePBSDenglish_pages-to-jpg-0013\">\n\t\t\t\t\t\t\t<img width=\"568\" height=\"1024\" src=\"https:\/\/renelagos.com\/wp-content\/uploads\/2023\/10\/BrochrePBSDenglish_pages-to-jpg-0013-568x1024.jpg\" class=\"attachment-large size-large\" alt=\"\" loading=\"lazy\" srcset=\"https:\/\/renelagos.com\/wp-content\/uploads\/2023\/10\/BrochrePBSDenglish_pages-to-jpg-0013-568x1024.jpg 568w, https:\/\/renelagos.com\/wp-content\/uploads\/2023\/10\/BrochrePBSDenglish_pages-to-jpg-0013-167x300.jpg 167w, https:\/\/renelagos.com\/wp-content\/uploads\/2023\/10\/BrochrePBSDenglish_pages-to-jpg-0013-768x1384.jpg 768w, https:\/\/renelagos.com\/wp-content\/uploads\/2023\/10\/BrochrePBSDenglish_pages-to-jpg-0013-852x1536.jpg 852w, https:\/\/renelagos.com\/wp-content\/uploads\/2023\/10\/BrochrePBSDenglish_pages-to-jpg-0013.jpg 1110w\" sizes=\"(max-width: 568px) 100vw, 568px\" \/>\t\t\t\t\t\t\t\t<\/a>\n\t\t\t\t\t\t\t\t\t\t\t\t\t\t\t<\/div>\n\t\t\t\t<\/div>\n\t\t\t\t\t<\/div>\n\t\t<\/div>\n\t\t\t\t\t\t\t<\/div>\n\t\t<\/section>\n\t\t\t\t<section class=\"elementor-section elementor-top-section elementor-element elementor-element-d2ef8a9 elementor-section-boxed elementor-section-height-default elementor-section-height-default\" data-id=\"d2ef8a9\" data-element_type=\"section\" data-settings=\"{&quot;background_background&quot;:&quot;classic&quot;}\">\n\t\t\t\t\t\t<div class=\"elementor-container elementor-column-gap-default\">\n\t\t\t\t\t<div class=\"elementor-column elementor-col-50 elementor-top-column elementor-element elementor-element-d006999\" data-id=\"d006999\" data-element_type=\"column\">\n\t\t\t<div class=\"elementor-widget-wrap elementor-element-populated\">\n\t\t\t\t\t\t\t\t<div class=\"elementor-element elementor-element-770ee6e elementor-widget elementor-widget-text-editor\" data-id=\"770ee6e\" data-element_type=\"widget\" data-widget_type=\"text-editor.default\">\n\t\t\t\t<div class=\"elementor-widget-container\">\n\t\t\t\t\t\t\t<p><span style=\"font-weight:700\">Brochure PSBD<\/span><\/p>\t\t\t\t\t\t<\/div>\n\t\t\t\t<\/div>\n\t\t\t\t<div class=\"elementor-element elementor-element-33abbd6 elementor-widget-divider--view-line elementor-widget elementor-widget-divider\" data-id=\"33abbd6\" data-element_type=\"widget\" data-widget_type=\"divider.default\">\n\t\t\t\t<div class=\"elementor-widget-container\">\n\t\t\t\t\t<div class=\"elementor-divider\">\n\t\t\t<span class=\"elementor-divider-separator\">\n\t\t\t\t\t\t<\/span>\n\t\t<\/div>\n\t\t\t\t<\/div>\n\t\t\t\t<\/div>\n\t\t\t\t\t<\/div>\n\t\t<\/div>\n\t\t\t\t<div class=\"elementor-column elementor-col-50 elementor-top-column elementor-element elementor-element-7bb27d9\" data-id=\"7bb27d9\" data-element_type=\"column\">\n\t\t\t<div class=\"elementor-widget-wrap elementor-element-populated\">\n\t\t\t\t\t\t\t\t<div class=\"elementor-element elementor-element-a1b79e6 elementor-align-center elementor-widget elementor-widget-button\" data-id=\"a1b79e6\" data-element_type=\"widget\" data-widget_type=\"button.default\">\n\t\t\t\t<div class=\"elementor-widget-container\">\n\t\t\t\t\t<div class=\"elementor-button-wrapper\">\n\t\t\t<a href=\"https:\/\/renelagos.com\/wp-content\/uploads\/2023\/09\/para-boton-y-descarga.pdf\" target=\"_blank\" class=\"elementor-button-link elementor-button elementor-size-lg\" role=\"button\">\n\t\t\t\t\t\t<span class=\"elementor-button-content-wrapper\">\n\t\t\t\t\t\t<span class=\"elementor-button-text\">Download Brochure<\/span>\n\t\t<\/span>\n\t\t\t\t\t<\/a>\n\t\t<\/div>\n\t\t\t\t<\/div>\n\t\t\t\t<\/div>\n\t\t\t\t\t<\/div>\n\t\t<\/div>\n\t\t\t\t\t\t\t<\/div>\n\t\t<\/section>\n\t\t\t\t\t\t<\/div>\n\t\t\t\t\t<\/div>","protected":false},"excerpt":{"rendered":"<p>Dise\u00f1o S\u00edsmico Basado en el Desempe\u00f1o&nbsp;(PBSD) En Rene Lagos Engineers, somos l\u00edderes en el campo del Dise\u00f1o S\u00edsmico Basado en el Desempe\u00f1o (PBSD), una metodolog\u00eda que ofrece una serie de beneficios notables en la planificaci\u00f3n y construcci\u00f3n de estructuras. Nuestro enfoque PBSD est\u00e1 dise\u00f1ado para optimizar el rendimiento s\u00edsmico, al tiempo que proporciona ventajas econ\u00f3micas, [&hellip;]<\/p>","protected":false},"author":1,"featured_media":0,"parent":64,"menu_order":0,"comment_status":"closed","ping_status":"closed","template":"elementor_header_footer","meta":[],"_links":{"self":[{"href":"https:\/\/renelagos.com\/en\/wp-json\/wp\/v2\/pages\/1957"}],"collection":[{"href":"https:\/\/renelagos.com\/en\/wp-json\/wp\/v2\/pages"}],"about":[{"href":"https:\/\/renelagos.com\/en\/wp-json\/wp\/v2\/types\/page"}],"author":[{"embeddable":true,"href":"https:\/\/renelagos.com\/en\/wp-json\/wp\/v2\/users\/1"}],"replies":[{"embeddable":true,"href":"https:\/\/renelagos.com\/en\/wp-json\/wp\/v2\/comments?post=1957"}],"version-history":[{"count":74,"href":"https:\/\/renelagos.com\/en\/wp-json\/wp\/v2\/pages\/1957\/revisions"}],"predecessor-version":[{"id":2364,"href":"https:\/\/renelagos.com\/en\/wp-json\/wp\/v2\/pages\/1957\/revisions\/2364"}],"up":[{"embeddable":true,"href":"https:\/\/renelagos.com\/en\/wp-json\/wp\/v2\/pages\/64"}],"wp:attachment":[{"href":"https:\/\/renelagos.com\/en\/wp-json\/wp\/v2\/media?parent=1957"}],"curies":[{"name":"wp","href":"https:\/\/api.w.org\/{rel}","templated":true}]}}