{"id":1917,"date":"2023-06-14T23:51:17","date_gmt":"2023-06-14T23:51:17","guid":{"rendered":"https:\/\/renelagos.com\/?page_id=1917"},"modified":"2024-06-27T22:17:05","modified_gmt":"2024-06-27T22:17:05","slug":"diseno-de-proteccion-sismica-pbsd","status":"publish","type":"page","link":"https:\/\/renelagos.com\/en\/servicios\/diseno-de-proteccion-sismica-pbsd\/","title":{"rendered":"Seismic Protection Systems (SPS)"},"content":{"rendered":"<div data-elementor-type=\"wp-page\" data-elementor-id=\"1917\" class=\"elementor elementor-1917\" data-elementor-settings=\"[]\">\n\t\t\t\t\t\t\t<div class=\"elementor-section-wrap\">\n\t\t\t\t\t\t\t<section class=\"elementor-section elementor-top-section elementor-element elementor-element-3c3a402 elementor-section-full_width elementor-section-height-default elementor-section-height-default\" data-id=\"3c3a402\" data-element_type=\"section\" data-settings=\"{&quot;background_background&quot;:&quot;classic&quot;}\">\n\t\t\t\t\t\t<div class=\"elementor-container elementor-column-gap-default\">\n\t\t\t\t\t<div class=\"elementor-column elementor-col-50 elementor-top-column elementor-element elementor-element-892812b\" data-id=\"892812b\" data-element_type=\"column\">\n\t\t\t<div class=\"elementor-widget-wrap elementor-element-populated\">\n\t\t\t\t\t\t\t\t<div class=\"elementor-element elementor-element-220e2d2 elementor-widget elementor-widget-text-editor\" data-id=\"220e2d2\" data-element_type=\"widget\" data-widget_type=\"text-editor.default\">\n\t\t\t\t<div class=\"elementor-widget-container\">\n\t\t\t\t\t\t\t<p><span style=\"font-weight:700\">Seismic Protection Systems<\/span> (SPS)<\/p>\t\t\t\t\t\t<\/div>\n\t\t\t\t<\/div>\n\t\t\t\t<div class=\"elementor-element elementor-element-8b165ea elementor-widget elementor-widget-image\" data-id=\"8b165ea\" data-element_type=\"widget\" data-widget_type=\"image.default\">\n\t\t\t\t<div class=\"elementor-widget-container\">\n\t\t\t\t\t\t\t\t\t\t\t\t\t\t\t<img width=\"1024\" height=\"682\" src=\"https:\/\/renelagos.com\/wp-content\/uploads\/2023\/09\/SPS1-1-1024x682.jpg\" class=\"attachment-large size-large\" alt=\"\" loading=\"lazy\" srcset=\"https:\/\/renelagos.com\/wp-content\/uploads\/2023\/09\/SPS1-1-1024x682.jpg 1024w, https:\/\/renelagos.com\/wp-content\/uploads\/2023\/09\/SPS1-1-300x200.jpg 300w, https:\/\/renelagos.com\/wp-content\/uploads\/2023\/09\/SPS1-1-768x512.jpg 768w, https:\/\/renelagos.com\/wp-content\/uploads\/2023\/09\/SPS1-1-1536x1024.jpg 1536w, https:\/\/renelagos.com\/wp-content\/uploads\/2023\/09\/SPS1-1.jpg 2000w\" sizes=\"(max-width: 1024px) 100vw, 1024px\" \/>\t\t\t\t\t\t\t\t\t\t\t\t\t\t\t<\/div>\n\t\t\t\t<\/div>\n\t\t\t\t\t<\/div>\n\t\t<\/div>\n\t\t\t\t<div class=\"elementor-column elementor-col-50 elementor-top-column elementor-element elementor-element-06a36b5\" data-id=\"06a36b5\" data-element_type=\"column\">\n\t\t\t<div class=\"elementor-widget-wrap elementor-element-populated\">\n\t\t\t\t\t\t\t\t<div class=\"elementor-element elementor-element-e79f958 elementor-widget elementor-widget-text-editor\" data-id=\"e79f958\" data-element_type=\"widget\" data-widget_type=\"text-editor.default\">\n\t\t\t\t<div class=\"elementor-widget-container\">\n\t\t\t\t\t\t\t<p>At Rene Lagos Engineers, we understand the importance of structural safety in a world prone to seismic events.<\/p>\n<p>Our commitment is to provide state-of-the-art Seismic Protection Systems (SPS) solutions to ensure the integrity of buildings and infrastructure in any situation. With decades of engineering experience and a highly qualified team, we are at the forefront of innovation in SPS design and application. Our systems are designed to minimize risks and losses in the event of an earthquake, giving our clients peace of mind and protecting their investments.<\/p>\n<p>At Rene Lagos Engineers, we are ready to help you strengthen your built environment against seismic uncertainty. Your safety is our priority.<\/p>\t\t\t\t\t\t<\/div>\n\t\t\t\t<\/div>\n\t\t\t\t\t<\/div>\n\t\t<\/div>\n\t\t\t\t\t\t\t<\/div>\n\t\t<\/section>\n\t\t\t\t<section class=\"elementor-section elementor-top-section elementor-element elementor-element-ee5e7c4 elementor-section-boxed elementor-section-height-default elementor-section-height-default\" data-id=\"ee5e7c4\" data-element_type=\"section\">\n\t\t\t\t\t\t<div class=\"elementor-container elementor-column-gap-default\">\n\t\t\t\t\t<div class=\"elementor-column elementor-col-100 elementor-top-column elementor-element elementor-element-856d39b\" data-id=\"856d39b\" data-element_type=\"column\">\n\t\t\t<div class=\"elementor-widget-wrap elementor-element-populated\">\n\t\t\t\t\t\t\t\t<div class=\"elementor-element elementor-element-2adf208 elementor-widget elementor-widget-text-editor\" data-id=\"2adf208\" data-element_type=\"widget\" data-widget_type=\"text-editor.default\">\n\t\t\t\t<div class=\"elementor-widget-container\">\n\t\t\t\t\t\t\t<p><span style=\"font-weight:700\">Our Projects<\/span><\/p>\t\t\t\t\t\t<\/div>\n\t\t\t\t<\/div>\n\t\t\t\t\t<\/div>\n\t\t<\/div>\n\t\t\t\t\t\t\t<\/div>\n\t\t<\/section>\n\t\t\t\t<section class=\"elementor-section elementor-top-section elementor-element elementor-element-b56e948 elementor-section-boxed elementor-section-height-default elementor-section-height-default\" data-id=\"b56e948\" data-element_type=\"section\">\n\t\t\t\t\t\t<div class=\"elementor-container elementor-column-gap-default\">\n\t\t\t\t\t<div class=\"elementor-column elementor-col-50 elementor-top-column elementor-element elementor-element-660e91a\" data-id=\"660e91a\" data-element_type=\"column\">\n\t\t\t<div class=\"elementor-widget-wrap elementor-element-populated\">\n\t\t\t\t\t\t\t\t<div class=\"elementor-element elementor-element-1030c30 elementor-widget elementor-widget-image\" data-id=\"1030c30\" data-element_type=\"widget\" data-widget_type=\"image.default\">\n\t\t\t\t<div class=\"elementor-widget-container\">\n\t\t\t\t\t\t\t\t\t\t\t\t\t\t\t\t<a href=\"https:\/\/renelagos.com\/wp-content\/uploads\/2023\/09\/SPS4-1.jpg\" data-elementor-open-lightbox=\"yes\" data-elementor-lightbox-title=\"SPS4\">\n\t\t\t\t\t\t\t<img width=\"1024\" height=\"682\" src=\"https:\/\/renelagos.com\/wp-content\/uploads\/2023\/09\/SPS4-1-1024x682.jpg\" class=\"attachment-large size-large\" alt=\"\" loading=\"lazy\" srcset=\"https:\/\/renelagos.com\/wp-content\/uploads\/2023\/09\/SPS4-1-1024x682.jpg 1024w, https:\/\/renelagos.com\/wp-content\/uploads\/2023\/09\/SPS4-1-300x200.jpg 300w, https:\/\/renelagos.com\/wp-content\/uploads\/2023\/09\/SPS4-1-768x512.jpg 768w, https:\/\/renelagos.com\/wp-content\/uploads\/2023\/09\/SPS4-1-1536x1024.jpg 1536w, https:\/\/renelagos.com\/wp-content\/uploads\/2023\/09\/SPS4-1.jpg 2000w\" sizes=\"(max-width: 1024px) 100vw, 1024px\" \/>\t\t\t\t\t\t\t\t<\/a>\n\t\t\t\t\t\t\t\t\t\t\t\t\t\t\t<\/div>\n\t\t\t\t<\/div>\n\t\t\t\t\t<\/div>\n\t\t<\/div>\n\t\t\t\t<div class=\"elementor-column elementor-col-50 elementor-top-column elementor-element elementor-element-cc94c57\" data-id=\"cc94c57\" data-element_type=\"column\">\n\t\t\t<div class=\"elementor-widget-wrap elementor-element-populated\">\n\t\t\t\t\t\t\t\t<div class=\"elementor-element elementor-element-3e4dc7c elementor-widget elementor-widget-image\" data-id=\"3e4dc7c\" data-element_type=\"widget\" data-widget_type=\"image.default\">\n\t\t\t\t<div class=\"elementor-widget-container\">\n\t\t\t\t\t\t\t\t\t\t\t\t\t\t\t\t<a href=\"https:\/\/renelagos.com\/wp-content\/uploads\/2023\/09\/SPS6.jpg\" data-elementor-open-lightbox=\"yes\" data-elementor-lightbox-title=\"SPS6\">\n\t\t\t\t\t\t\t<img width=\"1000\" height=\"707\" src=\"https:\/\/renelagos.com\/wp-content\/uploads\/2023\/09\/SPS6.jpg\" class=\"attachment-large size-large\" alt=\"\" loading=\"lazy\" srcset=\"https:\/\/renelagos.com\/wp-content\/uploads\/2023\/09\/SPS6.jpg 1000w, https:\/\/renelagos.com\/wp-content\/uploads\/2023\/09\/SPS6-300x212.jpg 300w, https:\/\/renelagos.com\/wp-content\/uploads\/2023\/09\/SPS6-768x543.jpg 768w\" sizes=\"(max-width: 1000px) 100vw, 1000px\" \/>\t\t\t\t\t\t\t\t<\/a>\n\t\t\t\t\t\t\t\t\t\t\t\t\t\t\t<\/div>\n\t\t\t\t<\/div>\n\t\t\t\t\t<\/div>\n\t\t<\/div>\n\t\t\t\t\t\t\t<\/div>\n\t\t<\/section>\n\t\t\t\t\t\t<\/div>\n\t\t\t\t\t<\/div>","protected":false},"excerpt":{"rendered":"<p>Sistemas de Protecci\u00f3n S\u00edsmica (SPS) En Rene Lagos Engineers, entendemos la importancia de la seguridad estructural en un mundo propenso a eventos s\u00edsmicos. Nuestro compromiso es proporcionar soluciones de vanguardia en Sistemas de Protecci\u00f3n S\u00edsmica (SPS) para garantizar la integridad de edificios e infraestructuras en cualquier situaci\u00f3n. Con d\u00e9cadas de experiencia en ingenier\u00eda y un [&hellip;]<\/p>","protected":false},"author":1,"featured_media":0,"parent":64,"menu_order":0,"comment_status":"closed","ping_status":"closed","template":"elementor_header_footer","meta":[],"_links":{"self":[{"href":"https:\/\/renelagos.com\/en\/wp-json\/wp\/v2\/pages\/1917"}],"collection":[{"href":"https:\/\/renelagos.com\/en\/wp-json\/wp\/v2\/pages"}],"about":[{"href":"https:\/\/renelagos.com\/en\/wp-json\/wp\/v2\/types\/page"}],"author":[{"embeddable":true,"href":"https:\/\/renelagos.com\/en\/wp-json\/wp\/v2\/users\/1"}],"replies":[{"embeddable":true,"href":"https:\/\/renelagos.com\/en\/wp-json\/wp\/v2\/comments?post=1917"}],"version-history":[{"count":15,"href":"https:\/\/renelagos.com\/en\/wp-json\/wp\/v2\/pages\/1917\/revisions"}],"predecessor-version":[{"id":2376,"href":"https:\/\/renelagos.com\/en\/wp-json\/wp\/v2\/pages\/1917\/revisions\/2376"}],"up":[{"embeddable":true,"href":"https:\/\/renelagos.com\/en\/wp-json\/wp\/v2\/pages\/64"}],"wp:attachment":[{"href":"https:\/\/renelagos.com\/en\/wp-json\/wp\/v2\/media?parent=1917"}],"curies":[{"name":"wp","href":"https:\/\/api.w.org\/{rel}","templated":true}]}}