{"id":1908,"date":"2023-06-14T23:41:34","date_gmt":"2023-06-14T23:41:34","guid":{"rendered":"https:\/\/renelagos.com\/?page_id=1908"},"modified":"2024-06-27T22:19:42","modified_gmt":"2024-06-27T22:19:42","slug":"revision-estructural","status":"publish","type":"page","link":"https:\/\/renelagos.com\/en\/servicios\/revision-estructural\/","title":{"rendered":"Structure Review"},"content":{"rendered":"<div data-elementor-type=\"wp-page\" data-elementor-id=\"1908\" class=\"elementor elementor-1908\" data-elementor-settings=\"[]\">\n\t\t\t\t\t\t\t<div class=\"elementor-section-wrap\">\n\t\t\t\t\t\t\t<section class=\"elementor-section elementor-top-section elementor-element elementor-element-aa44b96 elementor-section-full_width elementor-section-height-default elementor-section-height-default\" data-id=\"aa44b96\" data-element_type=\"section\" data-settings=\"{&quot;background_background&quot;:&quot;classic&quot;}\">\n\t\t\t\t\t\t<div class=\"elementor-container elementor-column-gap-default\">\n\t\t\t\t\t<div class=\"elementor-column elementor-col-50 elementor-top-column elementor-element elementor-element-5e89b1a\" data-id=\"5e89b1a\" data-element_type=\"column\">\n\t\t\t<div class=\"elementor-widget-wrap elementor-element-populated\">\n\t\t\t\t\t\t\t\t<div class=\"elementor-element elementor-element-ead5b23 elementor-widget elementor-widget-text-editor\" data-id=\"ead5b23\" data-element_type=\"widget\" data-widget_type=\"text-editor.default\">\n\t\t\t\t<div class=\"elementor-widget-container\">\n\t\t\t\t\t\t\t<p><span style=\"font-weight:700\">Structure Review<\/span><\/p>\t\t\t\t\t\t<\/div>\n\t\t\t\t<\/div>\n\t\t\t\t<div class=\"elementor-element elementor-element-d23448c elementor-widget elementor-widget-image\" data-id=\"d23448c\" data-element_type=\"widget\" data-widget_type=\"image.default\">\n\t\t\t\t<div class=\"elementor-widget-container\">\n\t\t\t\t\t\t\t\t\t\t\t\t\t\t\t<img width=\"795\" height=\"587\" src=\"https:\/\/renelagos.com\/wp-content\/uploads\/2023\/06\/revisionestructural01.jpg\" class=\"attachment-large size-large\" alt=\"\" loading=\"lazy\" srcset=\"https:\/\/renelagos.com\/wp-content\/uploads\/2023\/06\/revisionestructural01.jpg 795w, https:\/\/renelagos.com\/wp-content\/uploads\/2023\/06\/revisionestructural01-300x222.jpg 300w, https:\/\/renelagos.com\/wp-content\/uploads\/2023\/06\/revisionestructural01-768x567.jpg 768w\" sizes=\"(max-width: 795px) 100vw, 795px\" \/>\t\t\t\t\t\t\t\t\t\t\t\t\t\t\t<\/div>\n\t\t\t\t<\/div>\n\t\t\t\t\t<\/div>\n\t\t<\/div>\n\t\t\t\t<div class=\"elementor-column elementor-col-50 elementor-top-column elementor-element elementor-element-9a91534\" data-id=\"9a91534\" data-element_type=\"column\">\n\t\t\t<div class=\"elementor-widget-wrap elementor-element-populated\">\n\t\t\t\t\t\t\t\t<div class=\"elementor-element elementor-element-5dadce2 elementor-widget elementor-widget-text-editor\" data-id=\"5dadce2\" data-element_type=\"widget\" data-widget_type=\"text-editor.default\">\n\t\t\t\t<div class=\"elementor-widget-container\">\n\t\t\t\t\t\t\t<p>At Rene Lagos Engineers, we are leaders in providing state-of-the-art structural review services to ensure safety and quality on every project. Our team of engineering experts specializes in performing seismic design peer reviews prior to construction, ensuring that every aspect meets the highest performance standards.<\/p>\n<p>Llevamos a cabo una revisi\u00f3n exhaustiva de criterios de dise\u00f1o, c\u00f3digos y regulaciones pertinentes, as\u00ed como de los objetivos de desempe\u00f1o del propietario, para garantizar una base s\u00f3lida desde el principio. Adem\u00e1s, nuestro enfoque minucioso se refleja en la revisi\u00f3n detallada de an\u00e1lisis inform\u00e1ticos y c\u00e1lculos estructurales, incluyendo supuestos de modelado, propiedades del material, per\u00edodos de vibraci\u00f3n, fuerzas y deformaciones.<\/p>\n<p>At Rene Lagos Engineers, we also offer the option of independent analysis, which means we evaluate the seismic and wind design using models prepared by the design team or develop independent analysis models. Trust us to perform accurate and rigorous structural reviews to ensure excellence on every project. Your peace of mind is our priority.<\/p>\t\t\t\t\t\t<\/div>\n\t\t\t\t<\/div>\n\t\t\t\t\t<\/div>\n\t\t<\/div>\n\t\t\t\t\t\t\t<\/div>\n\t\t<\/section>\n\t\t\t\t<section class=\"elementor-section elementor-top-section elementor-element elementor-element-78bcf7b elementor-section-boxed elementor-section-height-default elementor-section-height-default\" data-id=\"78bcf7b\" data-element_type=\"section\">\n\t\t\t\t\t\t<div class=\"elementor-container elementor-column-gap-default\">\n\t\t\t\t\t<div class=\"elementor-column elementor-col-100 elementor-top-column elementor-element elementor-element-ae9efb7\" data-id=\"ae9efb7\" data-element_type=\"column\">\n\t\t\t<div class=\"elementor-widget-wrap elementor-element-populated\">\n\t\t\t\t\t\t\t\t<div class=\"elementor-element elementor-element-f2fb284 elementor-widget elementor-widget-text-editor\" data-id=\"f2fb284\" data-element_type=\"widget\" data-widget_type=\"text-editor.default\">\n\t\t\t\t<div class=\"elementor-widget-container\">\n\t\t\t\t\t\t\t<p><span style=\"font-weight:700\">Our Projects<\/span><\/p>\t\t\t\t\t\t<\/div>\n\t\t\t\t<\/div>\n\t\t\t\t\t<\/div>\n\t\t<\/div>\n\t\t\t\t\t\t\t<\/div>\n\t\t<\/section>\n\t\t\t\t<section class=\"elementor-section elementor-top-section elementor-element elementor-element-df4e4a2 elementor-section-boxed elementor-section-height-default elementor-section-height-default\" data-id=\"df4e4a2\" data-element_type=\"section\">\n\t\t\t\t\t\t<div class=\"elementor-container elementor-column-gap-default\">\n\t\t\t\t\t<div class=\"elementor-column elementor-col-33 elementor-top-column elementor-element elementor-element-4835648\" data-id=\"4835648\" data-element_type=\"column\">\n\t\t\t<div class=\"elementor-widget-wrap elementor-element-populated\">\n\t\t\t\t\t\t\t\t<div class=\"elementor-element elementor-element-22452b6 elementor-widget elementor-widget-image\" data-id=\"22452b6\" data-element_type=\"widget\" data-widget_type=\"image.default\">\n\t\t\t\t<div class=\"elementor-widget-container\">\n\t\t\t\t\t\t\t\t\t\t\t\t\t\t\t\t<a href=\"https:\/\/renelagos.com\/wp-content\/uploads\/2023\/09\/revisionestructural04.jpg\" data-elementor-open-lightbox=\"yes\" data-elementor-lightbox-title=\"revisionestructural04\">\n\t\t\t\t\t\t\t<img width=\"788\" height=\"1024\" src=\"https:\/\/renelagos.com\/wp-content\/uploads\/2023\/09\/revisionestructural04-788x1024.jpg\" class=\"attachment-large size-large\" alt=\"\" loading=\"lazy\" srcset=\"https:\/\/renelagos.com\/wp-content\/uploads\/2023\/09\/revisionestructural04-788x1024.jpg 788w, https:\/\/renelagos.com\/wp-content\/uploads\/2023\/09\/revisionestructural04-231x300.jpg 231w, https:\/\/renelagos.com\/wp-content\/uploads\/2023\/09\/revisionestructural04-768x997.jpg 768w, https:\/\/renelagos.com\/wp-content\/uploads\/2023\/09\/revisionestructural04-1183x1536.jpg 1183w, https:\/\/renelagos.com\/wp-content\/uploads\/2023\/09\/revisionestructural04.jpg 1540w\" sizes=\"(max-width: 788px) 100vw, 788px\" \/>\t\t\t\t\t\t\t\t<\/a>\n\t\t\t\t\t\t\t\t\t\t\t\t\t\t\t<\/div>\n\t\t\t\t<\/div>\n\t\t\t\t\t<\/div>\n\t\t<\/div>\n\t\t\t\t<div class=\"elementor-column elementor-col-33 elementor-top-column elementor-element elementor-element-086471d\" data-id=\"086471d\" data-element_type=\"column\">\n\t\t\t<div class=\"elementor-widget-wrap elementor-element-populated\">\n\t\t\t\t\t\t\t\t<div class=\"elementor-element elementor-element-02c189a elementor-widget elementor-widget-image\" data-id=\"02c189a\" data-element_type=\"widget\" data-widget_type=\"image.default\">\n\t\t\t\t<div class=\"elementor-widget-container\">\n\t\t\t\t\t\t\t\t\t\t\t\t\t\t\t\t<a href=\"https:\/\/renelagos.com\/wp-content\/uploads\/2023\/09\/revisionestructural02.jpg\" data-elementor-open-lightbox=\"yes\" data-elementor-lightbox-title=\"revisionestructural02\">\n\t\t\t\t\t\t\t<img width=\"960\" height=\"497\" src=\"https:\/\/renelagos.com\/wp-content\/uploads\/2023\/09\/revisionestructural02.jpg\" class=\"attachment-large size-large\" alt=\"\" loading=\"lazy\" srcset=\"https:\/\/renelagos.com\/wp-content\/uploads\/2023\/09\/revisionestructural02.jpg 960w, https:\/\/renelagos.com\/wp-content\/uploads\/2023\/09\/revisionestructural02-300x155.jpg 300w, https:\/\/renelagos.com\/wp-content\/uploads\/2023\/09\/revisionestructural02-768x398.jpg 768w\" sizes=\"(max-width: 960px) 100vw, 960px\" \/>\t\t\t\t\t\t\t\t<\/a>\n\t\t\t\t\t\t\t\t\t\t\t\t\t\t\t<\/div>\n\t\t\t\t<\/div>\n\t\t\t\t\t<\/div>\n\t\t<\/div>\n\t\t\t\t<div class=\"elementor-column elementor-col-33 elementor-top-column elementor-element elementor-element-56c767b\" data-id=\"56c767b\" data-element_type=\"column\">\n\t\t\t<div class=\"elementor-widget-wrap elementor-element-populated\">\n\t\t\t\t\t\t\t\t<div class=\"elementor-element elementor-element-c534f51 elementor-widget elementor-widget-image\" data-id=\"c534f51\" data-element_type=\"widget\" data-widget_type=\"image.default\">\n\t\t\t\t<div class=\"elementor-widget-container\">\n\t\t\t\t\t\t\t\t\t\t\t\t\t\t\t\t<a href=\"https:\/\/renelagos.com\/wp-content\/uploads\/2023\/09\/revisionestructural05.jpg\" data-elementor-open-lightbox=\"yes\" data-elementor-lightbox-title=\"revisionestructural05\">\n\t\t\t\t\t\t\t<img width=\"1005\" height=\"1024\" src=\"https:\/\/renelagos.com\/wp-content\/uploads\/2023\/09\/revisionestructural05-1005x1024.jpg\" class=\"attachment-large size-large\" alt=\"\" loading=\"lazy\" srcset=\"https:\/\/renelagos.com\/wp-content\/uploads\/2023\/09\/revisionestructural05-1005x1024.jpg 1005w, https:\/\/renelagos.com\/wp-content\/uploads\/2023\/09\/revisionestructural05-294x300.jpg 294w, https:\/\/renelagos.com\/wp-content\/uploads\/2023\/09\/revisionestructural05-768x782.jpg 768w, https:\/\/renelagos.com\/wp-content\/uploads\/2023\/09\/revisionestructural05.jpg 1378w\" sizes=\"(max-width: 1005px) 100vw, 1005px\" \/>\t\t\t\t\t\t\t\t<\/a>\n\t\t\t\t\t\t\t\t\t\t\t\t\t\t\t<\/div>\n\t\t\t\t<\/div>\n\t\t\t\t\t<\/div>\n\t\t<\/div>\n\t\t\t\t\t\t\t<\/div>\n\t\t<\/section>\n\t\t\t\t\t\t<\/div>\n\t\t\t\t\t<\/div>","protected":false},"excerpt":{"rendered":"<p>Revisi\u00f3n Estructural En Rene Lagos Engineers, somos l\u00edderes en ofrecer servicios de revisi\u00f3n estructural de vanguardia para garantizar la seguridad y la calidad en cada proyecto. Nuestro equipo de expertos en ingenier\u00eda se especializa en realizar revisiones por pares del dise\u00f1o s\u00edsmico antes de la construcci\u00f3n, asegurando que cada aspecto cumpla con los m\u00e1s altos [&hellip;]<\/p>","protected":false},"author":1,"featured_media":0,"parent":64,"menu_order":0,"comment_status":"closed","ping_status":"closed","template":"elementor_header_footer","meta":[],"_links":{"self":[{"href":"https:\/\/renelagos.com\/en\/wp-json\/wp\/v2\/pages\/1908"}],"collection":[{"href":"https:\/\/renelagos.com\/en\/wp-json\/wp\/v2\/pages"}],"about":[{"href":"https:\/\/renelagos.com\/en\/wp-json\/wp\/v2\/types\/page"}],"author":[{"embeddable":true,"href":"https:\/\/renelagos.com\/en\/wp-json\/wp\/v2\/users\/1"}],"replies":[{"embeddable":true,"href":"https:\/\/renelagos.com\/en\/wp-json\/wp\/v2\/comments?post=1908"}],"version-history":[{"count":13,"href":"https:\/\/renelagos.com\/en\/wp-json\/wp\/v2\/pages\/1908\/revisions"}],"predecessor-version":[{"id":2388,"href":"https:\/\/renelagos.com\/en\/wp-json\/wp\/v2\/pages\/1908\/revisions\/2388"}],"up":[{"embeddable":true,"href":"https:\/\/renelagos.com\/en\/wp-json\/wp\/v2\/pages\/64"}],"wp:attachment":[{"href":"https:\/\/renelagos.com\/en\/wp-json\/wp\/v2\/media?parent=1908"}],"curies":[{"name":"wp","href":"https:\/\/api.w.org\/{rel}","templated":true}]}}