{"id":1901,"date":"2023-06-14T23:36:44","date_gmt":"2023-06-14T23:36:44","guid":{"rendered":"https:\/\/renelagos.com\/?page_id=1901"},"modified":"2024-06-27T22:16:35","modified_gmt":"2024-06-27T22:16:35","slug":"perdida-maxima-probable-pml","status":"publish","type":"page","link":"https:\/\/renelagos.com\/en\/servicios\/perdida-maxima-probable-pml\/","title":{"rendered":"Probable Maximum Loss (PML)"},"content":{"rendered":"<div data-elementor-type=\"wp-page\" data-elementor-id=\"1901\" class=\"elementor elementor-1901\" data-elementor-settings=\"[]\">\n\t\t\t\t\t\t\t<div class=\"elementor-section-wrap\">\n\t\t\t\t\t\t\t<section class=\"elementor-section elementor-top-section elementor-element elementor-element-fc19724 elementor-section-full_width elementor-section-height-default elementor-section-height-default\" data-id=\"fc19724\" data-element_type=\"section\" data-settings=\"{&quot;background_background&quot;:&quot;classic&quot;}\">\n\t\t\t\t\t\t<div class=\"elementor-container elementor-column-gap-default\">\n\t\t\t\t\t<div class=\"elementor-column elementor-col-50 elementor-top-column elementor-element elementor-element-9f41bcc\" data-id=\"9f41bcc\" data-element_type=\"column\">\n\t\t\t<div class=\"elementor-widget-wrap elementor-element-populated\">\n\t\t\t\t\t\t\t\t<div class=\"elementor-element elementor-element-02aef2c elementor-widget elementor-widget-text-editor\" data-id=\"02aef2c\" data-element_type=\"widget\" data-widget_type=\"text-editor.default\">\n\t\t\t\t<div class=\"elementor-widget-container\">\n\t\t\t\t\t\t\t<p><span style=\"font-weight:700\">Probable Maximum Loss<\/span>\u00a0(PML)<\/p>\t\t\t\t\t\t<\/div>\n\t\t\t\t<\/div>\n\t\t\t\t<div class=\"elementor-element elementor-element-7ca479c elementor-widget elementor-widget-image\" data-id=\"7ca479c\" data-element_type=\"widget\" data-widget_type=\"image.default\">\n\t\t\t\t<div class=\"elementor-widget-container\">\n\t\t\t\t\t\t\t\t\t\t\t\t\t\t\t<img width=\"956\" height=\"567\" src=\"https:\/\/renelagos.com\/wp-content\/uploads\/2023\/09\/perdidamaximaprobable.jpg\" class=\"attachment-large size-large\" alt=\"\" loading=\"lazy\" srcset=\"https:\/\/renelagos.com\/wp-content\/uploads\/2023\/09\/perdidamaximaprobable.jpg 956w, https:\/\/renelagos.com\/wp-content\/uploads\/2023\/09\/perdidamaximaprobable-300x178.jpg 300w, https:\/\/renelagos.com\/wp-content\/uploads\/2023\/09\/perdidamaximaprobable-768x455.jpg 768w\" sizes=\"(max-width: 956px) 100vw, 956px\" \/>\t\t\t\t\t\t\t\t\t\t\t\t\t\t\t<\/div>\n\t\t\t\t<\/div>\n\t\t\t\t\t<\/div>\n\t\t<\/div>\n\t\t\t\t<div class=\"elementor-column elementor-col-50 elementor-top-column elementor-element elementor-element-f267891\" data-id=\"f267891\" data-element_type=\"column\">\n\t\t\t<div class=\"elementor-widget-wrap elementor-element-populated\">\n\t\t\t\t\t\t\t\t<div class=\"elementor-element elementor-element-25da635 elementor-widget elementor-widget-text-editor\" data-id=\"25da635\" data-element_type=\"widget\" data-widget_type=\"text-editor.default\">\n\t\t\t\t<div class=\"elementor-widget-container\">\n\t\t\t\t\t\t\t<p>\nAt Rene Lagos Engineers, we understand that risk assessment is essential for planning and informed decision making on engineering and construction projects. Our Probable Maximum Loss (PML) Estimation service offers a reliable tool based on FEMA-P58 standards to accurately and thoroughly assess the potential economic impact of seismic events.<\/p>\n<p>Nuestro enfoque va m\u00e1s all\u00e1 de una visi\u00f3n general, ya que nos especializamos en identificar los pisos cr\u00edticos y desglosar los costos de manera minuciosa, tanto en t\u00e9rminos estructurales como no estructurales, en cada nivel de la estructura. Adem\u00e1s, calculamos el peor caso de p\u00e9rdida econ\u00f3mica que podr\u00eda ocurrir en un per\u00edodo de tiempo espec\u00edfico, proporcionando una visi\u00f3n clara de los posibles riesgos financieros a largo plazo.<\/p>\n<p>Our service also covers cost and time-to-repair analysis, providing a complete perspective of the challenges and solutions. With Rene Lagos Engineers, you will get the information you need to make sound decisions and protect your investments in any scenario.<\/p>\t\t\t\t\t\t<\/div>\n\t\t\t\t<\/div>\n\t\t\t\t\t<\/div>\n\t\t<\/div>\n\t\t\t\t\t\t\t<\/div>\n\t\t<\/section>\n\t\t\t\t\t\t<\/div>\n\t\t\t\t\t<\/div>","protected":false},"excerpt":{"rendered":"<p>P\u00e9rdida M\u00e1xima Probable\u00a0(PML) En Rene Lagos Engineers, entendemos que la evaluaci\u00f3n de riesgos es esencial para la planificaci\u00f3n y la toma de decisiones informadas en proyectos de ingenier\u00eda y construcci\u00f3n. Nuestro servicio de Estimaci\u00f3n de P\u00e9rdida M\u00e1xima Probable (PML) ofrece una herramienta confiable basada en la normativa FEMA-P58 para evaluar de manera precisa y detallada [&hellip;]<\/p>","protected":false},"author":1,"featured_media":0,"parent":64,"menu_order":0,"comment_status":"closed","ping_status":"closed","template":"elementor_header_footer","meta":[],"_links":{"self":[{"href":"https:\/\/renelagos.com\/en\/wp-json\/wp\/v2\/pages\/1901"}],"collection":[{"href":"https:\/\/renelagos.com\/en\/wp-json\/wp\/v2\/pages"}],"about":[{"href":"https:\/\/renelagos.com\/en\/wp-json\/wp\/v2\/types\/page"}],"author":[{"embeddable":true,"href":"https:\/\/renelagos.com\/en\/wp-json\/wp\/v2\/users\/1"}],"replies":[{"embeddable":true,"href":"https:\/\/renelagos.com\/en\/wp-json\/wp\/v2\/comments?post=1901"}],"version-history":[{"count":11,"href":"https:\/\/renelagos.com\/en\/wp-json\/wp\/v2\/pages\/1901\/revisions"}],"predecessor-version":[{"id":2370,"href":"https:\/\/renelagos.com\/en\/wp-json\/wp\/v2\/pages\/1901\/revisions\/2370"}],"up":[{"embeddable":true,"href":"https:\/\/renelagos.com\/en\/wp-json\/wp\/v2\/pages\/64"}],"wp:attachment":[{"href":"https:\/\/renelagos.com\/en\/wp-json\/wp\/v2\/media?parent=1901"}],"curies":[{"name":"wp","href":"https:\/\/api.w.org\/{rel}","templated":true}]}}