{"id":1870,"date":"2023-06-14T23:21:51","date_gmt":"2023-06-14T23:21:51","guid":{"rendered":"https:\/\/renelagos.com\/?page_id=1870"},"modified":"2024-06-27T22:16:30","modified_gmt":"2024-06-27T22:16:30","slug":"ingenieria-de-valor","status":"publish","type":"page","link":"https:\/\/renelagos.com\/en\/servicios\/ingenieria-de-valor\/","title":{"rendered":"Value Engineering"},"content":{"rendered":"<div data-elementor-type=\"wp-page\" data-elementor-id=\"1870\" class=\"elementor elementor-1870\" data-elementor-settings=\"[]\">\n\t\t\t\t\t\t\t<div class=\"elementor-section-wrap\">\n\t\t\t\t\t\t\t<section class=\"elementor-section elementor-top-section elementor-element elementor-element-2d5ef7d elementor-section-full_width elementor-section-height-default elementor-section-height-default\" data-id=\"2d5ef7d\" data-element_type=\"section\" data-settings=\"{&quot;background_background&quot;:&quot;classic&quot;}\">\n\t\t\t\t\t\t<div class=\"elementor-container elementor-column-gap-default\">\n\t\t\t\t\t<div class=\"elementor-column elementor-col-50 elementor-top-column elementor-element elementor-element-13ea601\" data-id=\"13ea601\" data-element_type=\"column\">\n\t\t\t<div class=\"elementor-widget-wrap elementor-element-populated\">\n\t\t\t\t\t\t\t\t<div class=\"elementor-element elementor-element-3a17a80 elementor-widget elementor-widget-text-editor\" data-id=\"3a17a80\" data-element_type=\"widget\" data-widget_type=\"text-editor.default\">\n\t\t\t\t<div class=\"elementor-widget-container\">\n\t\t\t\t\t\t\t<p><span style=\"font-weight:700\">Value engineering<\/span><\/p>\t\t\t\t\t\t<\/div>\n\t\t\t\t<\/div>\n\t\t\t\t<div class=\"elementor-element elementor-element-9bedcb6 elementor-widget elementor-widget-image\" data-id=\"9bedcb6\" data-element_type=\"widget\" data-widget_type=\"image.default\">\n\t\t\t\t<div class=\"elementor-widget-container\">\n\t\t\t\t\t\t\t\t\t\t\t\t\t\t\t<img width=\"827\" height=\"358\" src=\"https:\/\/renelagos.com\/wp-content\/uploads\/2023\/06\/Ingenieriadevalor01.jpg\" class=\"attachment-large size-large\" alt=\"\" loading=\"lazy\" srcset=\"https:\/\/renelagos.com\/wp-content\/uploads\/2023\/06\/Ingenieriadevalor01.jpg 827w, https:\/\/renelagos.com\/wp-content\/uploads\/2023\/06\/Ingenieriadevalor01-300x130.jpg 300w, https:\/\/renelagos.com\/wp-content\/uploads\/2023\/06\/Ingenieriadevalor01-768x332.jpg 768w\" sizes=\"(max-width: 827px) 100vw, 827px\" \/>\t\t\t\t\t\t\t\t\t\t\t\t\t\t\t<\/div>\n\t\t\t\t<\/div>\n\t\t\t\t<div class=\"elementor-element elementor-element-c415d71 elementor-widget elementor-widget-image\" data-id=\"c415d71\" data-element_type=\"widget\" data-widget_type=\"image.default\">\n\t\t\t\t<div class=\"elementor-widget-container\">\n\t\t\t\t\t\t\t\t\t\t\t\t\t\t\t<img width=\"860\" height=\"289\" src=\"https:\/\/renelagos.com\/wp-content\/uploads\/2023\/06\/Ingenieriadevalor02.jpg\" class=\"attachment-large size-large\" alt=\"\" loading=\"lazy\" srcset=\"https:\/\/renelagos.com\/wp-content\/uploads\/2023\/06\/Ingenieriadevalor02.jpg 860w, https:\/\/renelagos.com\/wp-content\/uploads\/2023\/06\/Ingenieriadevalor02-300x101.jpg 300w, https:\/\/renelagos.com\/wp-content\/uploads\/2023\/06\/Ingenieriadevalor02-768x258.jpg 768w\" sizes=\"(max-width: 860px) 100vw, 860px\" \/>\t\t\t\t\t\t\t\t\t\t\t\t\t\t\t<\/div>\n\t\t\t\t<\/div>\n\t\t\t\t\t<\/div>\n\t\t<\/div>\n\t\t\t\t<div class=\"elementor-column elementor-col-50 elementor-top-column elementor-element elementor-element-949b906\" data-id=\"949b906\" data-element_type=\"column\">\n\t\t\t<div class=\"elementor-widget-wrap elementor-element-populated\">\n\t\t\t\t\t\t\t\t<div class=\"elementor-element elementor-element-71d4bef elementor-widget elementor-widget-text-editor\" data-id=\"71d4bef\" data-element_type=\"widget\" data-widget_type=\"text-editor.default\">\n\t\t\t\t<div class=\"elementor-widget-container\">\n\t\t\t\t\t\t\t<p>At Rene Lagos Engineers, we understand that value engineering is an essential tool for optimizing projects in all aspects. Our commitment to excellence extends to the application of this methodology to solve problems and improve efficiency, without compromising quality or functionality. <\/p>\n<p>Our expertise translates into the ability to identify and eliminate unnecessary costs while increasing the value of products and projects. In an increasingly environmentally conscious world, we also apply value engineering to minimize carbon footprint and encourage sustainable practices. Whether in the selection of designs, implementation methods or the choice of local suppliers and materials, we are committed to providing solutions that meet the highest standards of performance and efficiency, at the lowest possible cost. <\/p>\n<p>At Rene Lagos Engineers, our mission is to add value to each project, exceeding expectations and achieving outstanding results.<\/p>\t\t\t\t\t\t<\/div>\n\t\t\t\t<\/div>\n\t\t\t\t\t<\/div>\n\t\t<\/div>\n\t\t\t\t\t\t\t<\/div>\n\t\t<\/section>\n\t\t\t\t\t\t<\/div>\n\t\t\t\t\t<\/div>","protected":false},"excerpt":{"rendered":"<p>Ingenier\u00eda de valor En Rene Lagos Engineers, entendemos que la ingenier\u00eda de valor es una herramienta esencial para la optimizaci\u00f3n de proyectos en todos sus aspectos. Nuestro compromiso con la excelencia se extiende a la aplicaci\u00f3n de esta metodolog\u00eda para resolver problemas y mejorar la eficiencia, sin comprometer la calidad ni la funcionalidad. Nuestra experiencia [&hellip;]<\/p>","protected":false},"author":1,"featured_media":0,"parent":64,"menu_order":0,"comment_status":"closed","ping_status":"closed","template":"elementor_header_footer","meta":[],"_links":{"self":[{"href":"https:\/\/renelagos.com\/en\/wp-json\/wp\/v2\/pages\/1870"}],"collection":[{"href":"https:\/\/renelagos.com\/en\/wp-json\/wp\/v2\/pages"}],"about":[{"href":"https:\/\/renelagos.com\/en\/wp-json\/wp\/v2\/types\/page"}],"author":[{"embeddable":true,"href":"https:\/\/renelagos.com\/en\/wp-json\/wp\/v2\/users\/1"}],"replies":[{"embeddable":true,"href":"https:\/\/renelagos.com\/en\/wp-json\/wp\/v2\/comments?post=1870"}],"version-history":[{"count":32,"href":"https:\/\/renelagos.com\/en\/wp-json\/wp\/v2\/pages\/1870\/revisions"}],"predecessor-version":[{"id":2367,"href":"https:\/\/renelagos.com\/en\/wp-json\/wp\/v2\/pages\/1870\/revisions\/2367"}],"up":[{"embeddable":true,"href":"https:\/\/renelagos.com\/en\/wp-json\/wp\/v2\/pages\/64"}],"wp:attachment":[{"href":"https:\/\/renelagos.com\/en\/wp-json\/wp\/v2\/media?parent=1870"}],"curies":[{"name":"wp","href":"https:\/\/api.w.org\/{rel}","templated":true}]}}